{"id":10265,"date":"2019-07-15T16:18:47","date_gmt":"2019-07-15T19:18:47","guid":{"rendered":"http:\/\/69.16.243.28\/~arbolarwebcom\/web\/?page_id=10265"},"modified":"2020-01-03T22:14:37","modified_gmt":"2020-01-03T22:14:37","slug":"apart-hotel-2","status":"publish","type":"page","link":"https:\/\/arbolarweb.com.ar\/web\/apart-hotel-2\/","title":{"rendered":"Apart.Hotel"},"content":{"rendered":"<p>[vc_row full_width=\u00bbdefault_no_spaces\u00bb][vc_column][vc_custom_heading text=\u00bbApart Hotel\u00bb font_container=\u00bbtag:h2|font_size:35|text_align:center\u00bb google_fonts=\u00bbfont_family:Roboto%3A100%2C100italic%2C300%2C300italic%2Cregular%2Citalic%2C500%2C500italic%2C700%2C700italic%2C900%2C900italic|font_style:100%20light%20regular%3A100%3Anormal\u00bb][vc_separator][vc_column_text]<\/p>\n<p style=\"text-align: center;\">O apart esta localizado no complexo, acesso ao lado da recep\u00e7\u00e3o. Conta com 8 unidades com comodidades para alojar entre 2 e 4 pessoas. Cada unidade tem seu pr\u00f3prio deck com churrasqueira, e o estacionamento se encontra em frente ao acesso de cada apartamento.<\/p>\n<p>[\/vc_column_text][vc_separator][\/vc_column][\/vc_row][vc_row][vc_column][\/vc_column][\/vc_row][vc_row gap=\u00bb15&#8243; equal_height=\u00bbyes\u00bb][vc_column width=\u00bb1\/6&#8243; css=\u00bb.vc_custom_1578089490626{padding-right: 0px !important;padding-left: 0px !important;}\u00bb][\/vc_column][vc_column width=\u00bb2\/6&#8243; css=\u00bb.vc_custom_1547736527231{padding-right: 0px !important;padding-left: 0px !important;background-color: #dae4df !important;}\u00bb][vc_hoverbox image=\u00bb9870&#8243; primary_title=\u00bb\u00bb hover_title=\u00bb\u00bb shape=\u00bbsquare\u00bb hover_background_color=\u00bbcustom\u00bb css_animation=\u00bbflipInX\u00bb hover_custom_background=\u00bb#859b8f\u00bb]<\/p>\n<p><a href=\"http:\/\/arbolarweb.com.ar\/web\/apart-1-al-7-2\/\" rel=\"attachment wp-att-9686\"><img loading=\"lazy\" decoding=\"async\" class=\"alignnone wp-image-9872 size-large\" src=\"http:\/\/arbolarweb.com.ar\/web\/wp-content\/uploads\/2019\/04\/Final-Apart1a7-3-e1555625955481-1-1024x494.jpeg\" alt=\"\" width=\"1024\" height=\"494\" srcset=\"https:\/\/arbolarweb.com.ar\/web\/wp-content\/uploads\/2019\/04\/Final-Apart1a7-3-e1555625955481-1-1024x494.jpeg 1024w, https:\/\/arbolarweb.com.ar\/web\/wp-content\/uploads\/2019\/04\/Final-Apart1a7-3-e1555625955481-1-300x145.jpeg 300w, https:\/\/arbolarweb.com.ar\/web\/wp-content\/uploads\/2019\/04\/Final-Apart1a7-3-e1555625955481-1-768x370.jpeg 768w, https:\/\/arbolarweb.com.ar\/web\/wp-content\/uploads\/2019\/04\/Final-Apart1a7-3-e1555625955481-1.jpeg 1920w\" sizes=\"auto, (max-width: 1024px) 100vw, 1024px\" \/><\/a><\/p>\n<p><a href=\"http:\/\/69.16.243.28\/~arbolarwebcom\/web\/pt\/apart-1-al-7-2\/\"><span style=\"color: #ffffff;\">Ver m\u00e1s<\/span><\/a><\/p>\n<p>[\/vc_hoverbox][vc_custom_heading text=\u00bbApart 1 a 7&#8243; font_container=\u00bbtag:h2|font_size:28|text_align:center\u00bb google_fonts=\u00bbfont_family:Roboto%3A100%2C100italic%2C300%2C300italic%2Cregular%2Citalic%2C500%2C500italic%2C700%2C700italic%2C900%2C900italic|font_style:300%20light%20regular%3A300%3Anormal\u00bb css_animation=\u00bbflipInX\u00bb link=\u00bburl:http%3A%2F%2Farbolarweb.com.ar%2Fweb%2Fapart-1-al-7-2%2F|title:Apart%201%20al%207||\u00bb css=\u00bb.vc_custom_1578089075480{padding-top: 25px !important;padding-bottom: 7px !important;}\u00bb][vc_column_text]<\/p>\n<p style=\"text-align: center;\"><span style=\"color: #808080;\">4 pessoas<\/span><br \/>\n<span style=\"color: #808080;\">. . . . . . . . . . . . . . . . . . . . .<br \/>\n2 plantas<\/span>[\/vc_column_text][vc_btn title=\u00bbC O N S U L T E\u00bb style=\u00bbflat\u00bb shape=\u00bbsquare\u00bb color=\u00bbdefault\u00bb size=\u00bblg\u00bb align=\u00bbcenter\u00bb button_block=\u00bbtrue\u00bb link=\u00bburl:http%3A%2F%2Farbolarweb.com.ar%2Fweb%2Fcontato%2F|title:Contato||\u00bb css=\u00bb.vc_custom_1578089629770{margin-bottom: 0px !important;}\u00bb][vc_btn title=\u00bbR E S E R V A S\u00bb style=\u00bbflat\u00bb shape=\u00bbsquare\u00bb color=\u00bbinverse\u00bb size=\u00bblg\u00bb align=\u00bbcenter\u00bb button_block=\u00bbtrue\u00bb link=\u00bburl:http%3A%2F%2Farbolarweb.com.ar%2Fweb%2Freservas-2%2F|title:Reservas||\u00bb css=\u00bb.vc_custom_1578089668020{margin-bottom: 0px !important;}\u00bb][\/vc_column][vc_column width=\u00bb2\/6&#8243; css=\u00bb.vc_custom_1578089289005{padding-right: 0px !important;padding-left: 0px !important;background-color: #dae4df !important;}\u00bb][vc_hoverbox image=\u00bb9881&#8243; primary_title=\u00bb\u00bb hover_title=\u00bb\u00bb shape=\u00bbsquare\u00bb hover_background_color=\u00bbcustom\u00bb css_animation=\u00bbflipInX\u00bb hover_custom_background=\u00bb#859b8f\u00bb]<\/p>\n<p><a href=\"http:\/\/69.16.243.28\/~arbolarwebcom\/web\/pt\/apart-8-2\/\" rel=\"attachment wp-att-9690\"><img loading=\"lazy\" decoding=\"async\" class=\"alignnone wp-image-9882 size-full\" src=\"http:\/\/arbolarweb.com.ar\/web\/wp-content\/uploads\/2019\/04\/Final-Apart8-4-e1555626209403-1.jpg\" alt=\"\" width=\"800\" height=\"400\" srcset=\"https:\/\/arbolarweb.com.ar\/web\/wp-content\/uploads\/2019\/04\/Final-Apart8-4-e1555626209403-1.jpg 800w, https:\/\/arbolarweb.com.ar\/web\/wp-content\/uploads\/2019\/04\/Final-Apart8-4-e1555626209403-1-300x150.jpg 300w, https:\/\/arbolarweb.com.ar\/web\/wp-content\/uploads\/2019\/04\/Final-Apart8-4-e1555626209403-1-768x384.jpg 768w\" sizes=\"auto, (max-width: 800px) 100vw, 800px\" \/><\/a><\/p>\n<p><a href=\"http:\/\/arbolarweb.com.ar\/web\/apart-8-2\/\"><span style=\"color: #ffffff;\">Ver mais<\/span><\/a><\/p>\n<p>[\/vc_hoverbox][vc_custom_heading text=\u00bbApart 8&#8243; font_container=\u00bbtag:h2|font_size:28|text_align:center\u00bb google_fonts=\u00bbfont_family:Roboto%3A100%2C100italic%2C300%2C300italic%2Cregular%2Citalic%2C500%2C500italic%2C700%2C700italic%2C900%2C900italic|font_style:300%20light%20regular%3A300%3Anormal\u00bb css_animation=\u00bbflipInX\u00bb link=\u00bburl:http%3A%2F%2Farbolarweb.com.ar%2Fweb%2Fapart-8-2%2F|title:Apart%208||\u00bb css=\u00bb.vc_custom_1578089087797{padding-top: 25px !important;padding-bottom: 7px !important;}\u00bb][vc_column_text]<\/p>\n<p style=\"text-align: center;\"><span style=\"color: #808080;\">4 pessoas<\/span><br \/>\n<span style=\"color: #808080;\">. . . . . . . . . . . . . . . . . . . . .<br \/>\n1 planta<\/span>[\/vc_column_text][vc_btn title=\u00bbC O N S U L T E\u00bb style=\u00bbflat\u00bb shape=\u00bbsquare\u00bb color=\u00bbdefault\u00bb size=\u00bblg\u00bb align=\u00bbcenter\u00bb button_block=\u00bbtrue\u00bb link=\u00bburl:http%3A%2F%2Farbolarweb.com.ar%2Fweb%2Fcontato%2F|title:Contato||\u00bb css=\u00bb.vc_custom_1578089640340{margin-bottom: 0px !important;}\u00bb][vc_btn title=\u00bbR E S E R V A S\u00bb style=\u00bbflat\u00bb shape=\u00bbsquare\u00bb color=\u00bbinverse\u00bb size=\u00bblg\u00bb align=\u00bbcenter\u00bb button_block=\u00bbtrue\u00bb link=\u00bburl:http%3A%2F%2Farbolarweb.com.ar%2Fweb%2Freservas-2%2F|title:Reservas||\u00bb css=\u00bb.vc_custom_1578089651393{margin-bottom: 0px !important;}\u00bb][\/vc_column][vc_column width=\u00bb1\/6&#8243; css=\u00bb.vc_custom_1578089539241{padding-right: 0px !important;padding-left: 0px !important;}\u00bb][\/vc_column][\/vc_row][vc_row][vc_column][vc_column_text][\/vc_column_text][\/vc_column][\/vc_row][vc_row][vc_column][vc_column_text][\/vc_column_text][\/vc_column][\/vc_row]<\/p>\n<!-- \/wp:post-content -->","protected":false},"excerpt":{"rendered":"<p>[vc_row full_width=\u00bbdefault_no_spaces\u00bb][vc_column][vc_custom_heading text=\u00bbApart Hotel\u00bb font_container=\u00bbtag:h2|font_size:35|text_align:center\u00bb google_fonts=\u00bbfont_family:Roboto%3A100%2C100italic%2C300%2C300italic%2Cregular%2Citalic%2C500%2C500italic%2C700%2C700italic%2C900%2C900italic|font_style:100%20light%20regular%3A100%3Anormal\u00bb][vc_separator][vc_column_text] O apart esta localizado no complexo, acesso ao lado da recep\u00e7\u00e3o. Conta com 8 unidades com comodidades para alojar entre 2 e 4 pessoas. Cada unidade tem seu pr\u00f3prio deck com churrasqueira, e o estacionamento se encontra em frente ao acesso de cada apartamento. [\/vc_column_text][vc_separator][\/vc_column][\/vc_row][vc_row][vc_column][\/vc_column][\/vc_row][vc_row gap=\u00bb15&#8243; equal_height=\u00bbyes\u00bb][vc_column width=\u00bb1\/6&#8243; css=\u00bb.vc_custom_1578089490626{padding-right: [&hellip;]<\/p>\n","protected":false},"author":3,"featured_media":0,"parent":0,"menu_order":0,"comment_status":"closed","ping_status":"closed","template":"","meta":{"footnotes":""},"class_list":["post-10265","page","type-page","status-publish","hentry"],"yoast_head":"<!-- This site is optimized with the Yoast SEO plugin v25.5 - https:\/\/yoast.com\/wordpress\/plugins\/seo\/ -->\n<title>Arbolar - Casas de Monta\u00f1a - arbolarweb.com.ar<\/title>\n<meta name=\"description\" content=\"Alquiler de casas y apart hotel en Villa La Angostura\" \/>\n<meta name=\"robots\" content=\"index, follow, max-snippet:-1, max-image-preview:large, max-video-preview:-1\" \/>\n<link rel=\"canonical\" href=\"https:\/\/arbolarweb.com.ar\/web\/apart-hotel-2\/\" \/>\n<meta property=\"og:locale\" content=\"es_ES\" \/>\n<meta property=\"og:type\" content=\"article\" \/>\n<meta property=\"og:title\" content=\"Arbolar - Casas de Monta\u00f1a - arbolarweb.com.ar\" \/>\n<meta property=\"og:description\" content=\"Alquiler de casas y apart hotel en Villa La Angostura\" \/>\n<meta property=\"og:url\" content=\"https:\/\/arbolarweb.com.ar\/web\/apart-hotel-2\/\" \/>\n<meta property=\"og:site_name\" content=\"Arbolar Casas de Monta\u00f1a Villa La Angostura Patagonia Argentina\" \/>\n<meta property=\"article:publisher\" content=\"https:\/\/www.facebook.com\/arbolarcasas\/\" \/>\n<meta property=\"article:modified_time\" content=\"2020-01-03T22:14:37+00:00\" \/>\n<meta property=\"og:image\" content=\"http:\/\/arbolarweb.com.ar\/web\/wp-content\/uploads\/2019\/04\/Final-Apart1a7-3-e1555625955481-1-1024x494.jpeg\" \/>\n<meta name=\"twitter:card\" content=\"summary_large_image\" \/>\n<meta name=\"twitter:label1\" content=\"Tiempo de lectura\" \/>\n\t<meta name=\"twitter:data1\" content=\"3 minutos\" \/>\n<script type=\"application\/ld+json\" class=\"yoast-schema-graph\">{\"@context\":\"https:\/\/schema.org\",\"@graph\":[{\"@type\":\"WebPage\",\"@id\":\"https:\/\/arbolarweb.com.ar\/web\/apart-hotel-2\/\",\"url\":\"https:\/\/arbolarweb.com.ar\/web\/apart-hotel-2\/\",\"name\":\"Arbolar - Casas de Monta\u00f1a - arbolarweb.com.ar\",\"isPartOf\":{\"@id\":\"https:\/\/arbolarweb.com.ar\/web\/#website\"},\"primaryImageOfPage\":{\"@id\":\"https:\/\/arbolarweb.com.ar\/web\/apart-hotel-2\/#primaryimage\"},\"image\":{\"@id\":\"https:\/\/arbolarweb.com.ar\/web\/apart-hotel-2\/#primaryimage\"},\"thumbnailUrl\":\"http:\/\/arbolarweb.com.ar\/web\/wp-content\/uploads\/2019\/04\/Final-Apart1a7-3-e1555625955481-1-1024x494.jpeg\",\"datePublished\":\"2019-07-15T19:18:47+00:00\",\"dateModified\":\"2020-01-03T22:14:37+00:00\",\"description\":\"Alquiler de casas y apart hotel en Villa La Angostura\",\"breadcrumb\":{\"@id\":\"https:\/\/arbolarweb.com.ar\/web\/apart-hotel-2\/#breadcrumb\"},\"inLanguage\":\"es\",\"potentialAction\":[{\"@type\":\"ReadAction\",\"target\":[\"https:\/\/arbolarweb.com.ar\/web\/apart-hotel-2\/\"]}]},{\"@type\":\"ImageObject\",\"inLanguage\":\"es\",\"@id\":\"https:\/\/arbolarweb.com.ar\/web\/apart-hotel-2\/#primaryimage\",\"url\":\"http:\/\/arbolarweb.com.ar\/web\/wp-content\/uploads\/2019\/04\/Final-Apart1a7-3-e1555625955481-1-1024x494.jpeg\",\"contentUrl\":\"http:\/\/arbolarweb.com.ar\/web\/wp-content\/uploads\/2019\/04\/Final-Apart1a7-3-e1555625955481-1-1024x494.jpeg\"},{\"@type\":\"BreadcrumbList\",\"@id\":\"https:\/\/arbolarweb.com.ar\/web\/apart-hotel-2\/#breadcrumb\",\"itemListElement\":[{\"@type\":\"ListItem\",\"position\":1,\"name\":\"Portada\",\"item\":\"https:\/\/arbolarweb.com.ar\/web\/\"},{\"@type\":\"ListItem\",\"position\":2,\"name\":\"Apart.Hotel\"}]},{\"@type\":\"WebSite\",\"@id\":\"https:\/\/arbolarweb.com.ar\/web\/#website\",\"url\":\"https:\/\/arbolarweb.com.ar\/web\/\",\"name\":\"Arbolar Casas de Monta\u00f1a Villa La Angostura Patagonia Argentina\",\"description\":\"Hospedaje en Villa La Angostura\",\"potentialAction\":[{\"@type\":\"SearchAction\",\"target\":{\"@type\":\"EntryPoint\",\"urlTemplate\":\"https:\/\/arbolarweb.com.ar\/web\/?s={search_term_string}\"},\"query-input\":{\"@type\":\"PropertyValueSpecification\",\"valueRequired\":true,\"valueName\":\"search_term_string\"}}],\"inLanguage\":\"es\"}]}<\/script>\n<!-- \/ Yoast SEO plugin. -->","yoast_head_json":{"title":"Arbolar - Casas de Monta\u00f1a - arbolarweb.com.ar","description":"Alquiler de casas y apart hotel en Villa La Angostura","robots":{"index":"index","follow":"follow","max-snippet":"max-snippet:-1","max-image-preview":"max-image-preview:large","max-video-preview":"max-video-preview:-1"},"canonical":"https:\/\/arbolarweb.com.ar\/web\/apart-hotel-2\/","og_locale":"es_ES","og_type":"article","og_title":"Arbolar - Casas de Monta\u00f1a - arbolarweb.com.ar","og_description":"Alquiler de casas y apart hotel en Villa La Angostura","og_url":"https:\/\/arbolarweb.com.ar\/web\/apart-hotel-2\/","og_site_name":"Arbolar Casas de Monta\u00f1a Villa La Angostura Patagonia Argentina","article_publisher":"https:\/\/www.facebook.com\/arbolarcasas\/","article_modified_time":"2020-01-03T22:14:37+00:00","og_image":[{"url":"http:\/\/arbolarweb.com.ar\/web\/wp-content\/uploads\/2019\/04\/Final-Apart1a7-3-e1555625955481-1-1024x494.jpeg","type":"","width":"","height":""}],"twitter_card":"summary_large_image","twitter_misc":{"Tiempo de lectura":"3 minutos"},"schema":{"@context":"https:\/\/schema.org","@graph":[{"@type":"WebPage","@id":"https:\/\/arbolarweb.com.ar\/web\/apart-hotel-2\/","url":"https:\/\/arbolarweb.com.ar\/web\/apart-hotel-2\/","name":"Arbolar - Casas de Monta\u00f1a - arbolarweb.com.ar","isPartOf":{"@id":"https:\/\/arbolarweb.com.ar\/web\/#website"},"primaryImageOfPage":{"@id":"https:\/\/arbolarweb.com.ar\/web\/apart-hotel-2\/#primaryimage"},"image":{"@id":"https:\/\/arbolarweb.com.ar\/web\/apart-hotel-2\/#primaryimage"},"thumbnailUrl":"http:\/\/arbolarweb.com.ar\/web\/wp-content\/uploads\/2019\/04\/Final-Apart1a7-3-e1555625955481-1-1024x494.jpeg","datePublished":"2019-07-15T19:18:47+00:00","dateModified":"2020-01-03T22:14:37+00:00","description":"Alquiler de casas y apart hotel en Villa La Angostura","breadcrumb":{"@id":"https:\/\/arbolarweb.com.ar\/web\/apart-hotel-2\/#breadcrumb"},"inLanguage":"es","potentialAction":[{"@type":"ReadAction","target":["https:\/\/arbolarweb.com.ar\/web\/apart-hotel-2\/"]}]},{"@type":"ImageObject","inLanguage":"es","@id":"https:\/\/arbolarweb.com.ar\/web\/apart-hotel-2\/#primaryimage","url":"http:\/\/arbolarweb.com.ar\/web\/wp-content\/uploads\/2019\/04\/Final-Apart1a7-3-e1555625955481-1-1024x494.jpeg","contentUrl":"http:\/\/arbolarweb.com.ar\/web\/wp-content\/uploads\/2019\/04\/Final-Apart1a7-3-e1555625955481-1-1024x494.jpeg"},{"@type":"BreadcrumbList","@id":"https:\/\/arbolarweb.com.ar\/web\/apart-hotel-2\/#breadcrumb","itemListElement":[{"@type":"ListItem","position":1,"name":"Portada","item":"https:\/\/arbolarweb.com.ar\/web\/"},{"@type":"ListItem","position":2,"name":"Apart.Hotel"}]},{"@type":"WebSite","@id":"https:\/\/arbolarweb.com.ar\/web\/#website","url":"https:\/\/arbolarweb.com.ar\/web\/","name":"Arbolar Casas de Monta\u00f1a Villa La Angostura Patagonia Argentina","description":"Hospedaje en Villa La Angostura","potentialAction":[{"@type":"SearchAction","target":{"@type":"EntryPoint","urlTemplate":"https:\/\/arbolarweb.com.ar\/web\/?s={search_term_string}"},"query-input":{"@type":"PropertyValueSpecification","valueRequired":true,"valueName":"search_term_string"}}],"inLanguage":"es"}]}},"_links":{"self":[{"href":"https:\/\/arbolarweb.com.ar\/web\/wp-json\/wp\/v2\/pages\/10265","targetHints":{"allow":["GET"]}}],"collection":[{"href":"https:\/\/arbolarweb.com.ar\/web\/wp-json\/wp\/v2\/pages"}],"about":[{"href":"https:\/\/arbolarweb.com.ar\/web\/wp-json\/wp\/v2\/types\/page"}],"author":[{"embeddable":true,"href":"https:\/\/arbolarweb.com.ar\/web\/wp-json\/wp\/v2\/users\/3"}],"replies":[{"embeddable":true,"href":"https:\/\/arbolarweb.com.ar\/web\/wp-json\/wp\/v2\/comments?post=10265"}],"version-history":[{"count":5,"href":"https:\/\/arbolarweb.com.ar\/web\/wp-json\/wp\/v2\/pages\/10265\/revisions"}],"predecessor-version":[{"id":11261,"href":"https:\/\/arbolarweb.com.ar\/web\/wp-json\/wp\/v2\/pages\/10265\/revisions\/11261"}],"wp:attachment":[{"href":"https:\/\/arbolarweb.com.ar\/web\/wp-json\/wp\/v2\/media?parent=10265"}],"curies":[{"name":"wp","href":"https:\/\/api.w.org\/{rel}","templated":true}]}}