{"id":10270,"date":"2019-07-28T00:26:53","date_gmt":"2019-07-28T03:26:53","guid":{"rendered":"http:\/\/69.16.243.28\/~arbolarwebcom\/web\/?page_id=10270"},"modified":"2020-01-03T23:07:32","modified_gmt":"2020-01-03T23:07:32","slug":"apart-1-al-7-2","status":"publish","type":"page","link":"https:\/\/arbolarweb.com.ar\/web\/apart-1-al-7-2\/","title":{"rendered":"Apart 1 al 7"},"content":{"rendered":"<p>[vc_row][vc_column][\/vc_column][\/vc_row][vc_row][vc_column][vc_custom_heading text=\u00bbApart 1 al 7&#8243; font_container=\u00bbtag:h2|font_size:35|text_align:center\u00bb google_fonts=\u00bbfont_family:Roboto%3A100%2C100italic%2C300%2C300italic%2Cregular%2Citalic%2C500%2C500italic%2C700%2C700italic%2C900%2C900italic|font_style:100%20light%20regular%3A100%3Anormal\u00bb][vc_separator][\/vc_column][\/vc_row][vc_row][vc_column]<div id=\"ult-carousel-40416304269d09f9c02585\" class=\"ult-carousel-wrapper   ult_horizontal\" data-gutter=\"5\" data-rtl=\"false\" ><div class=\"ult-carousel-198896666769d09f9c02400 \" >[vc_single_image image=\u00bb9870&#8243; img_size=\u00bb500&#215;500&#8243; onclick=\u00bblink_image\u00bb][vc_single_image image=\u00bb10849&#8243; img_size=\u00bb500&#215;500&#8243; onclick=\u00bblink_image\u00bb][vc_single_image image=\u00bb9872&#8243; img_size=\u00bb500&#215;500&#8243; onclick=\u00bblink_image\u00bb][vc_single_image image=\u00bb9873&#8243; img_size=\u00bb500&#215;500&#8243; onclick=\u00bblink_image\u00bb][vc_single_image image=\u00bb9874&#8243; img_size=\u00bb500&#215;500&#8243; onclick=\u00bblink_image\u00bb][vc_single_image image=\u00bb9875&#8243; img_size=\u00bb500&#215;500&#8243; onclick=\u00bblink_image\u00bb][vc_single_image image=\u00bb10851&#8243; img_size=\u00bb500&#215;500&#8243; onclick=\u00bblink_image\u00bb][vc_single_image image=\u00bb9877&#8243; img_size=\u00bb500&#215;500&#8243; onclick=\u00bblink_image\u00bb][vc_single_image image=\u00bb9878&#8243; img_size=\u00bb500&#215;500&#8243; onclick=\u00bblink_image\u00bb]<\/div><\/div>\t\t\t<script type=\"text\/javascript\">\r\n\t\t\t\tjQuery(document).ready(function ($) {\r\n\t\t\t\t\tif( typeof jQuery('.ult-carousel-198896666769d09f9c02400').slick == \"function\"){\r\n\t\t\t\t\t\t$('.ult-carousel-198896666769d09f9c02400').slick({dots: true,autoplay: true,autoplaySpeed: 5000,speed: 800,infinite: true,arrows: true,nextArrow: '<button type=\"button\" role=\"button\" aria-label=\"Next\" style=\"color:#ffffff; font-size:32px;background:rgba(255,255,255,0.49);\" class=\"slick-next circle-bg\"><i class=\"ultsl-arrow-right4\"><\/i><\/button>',prevArrow: '<button type=\"button\" role=\"button\" aria-label=\"Previous\" style=\"color:#ffffff; font-size:32px;background:rgba(255,255,255,0.49);\" class=\"slick-prev circle-bg\"><i class=\"ultsl-arrow-left4\"><\/i><\/button>',slidesToScroll:3,slidesToShow:3,swipe: true,draggable: true,touchMove: true,pauseOnHover: true,pauseOnFocus: false,responsive: [\r\n\t\t\t\t\t\t\t{\r\n\t\t\t\t\t\t\t  breakpoint: 1025,\r\n\t\t\t\t\t\t\t  settings: {\r\n\t\t\t\t\t\t\t\tslidesToShow: 3,\r\n\t\t\t\t\t\t\t\tslidesToScroll: 3,  \r\n\t\t\t\t\t\t\t  }\r\n\t\t\t\t\t\t\t},\r\n\t\t\t\t\t\t\t{\r\n\t\t\t\t\t\t\t  breakpoint: 769,\r\n\t\t\t\t\t\t\t  settings: {\r\n\t\t\t\t\t\t\t\tslidesToShow: 3,\r\n\t\t\t\t\t\t\t\tslidesToScroll: 3\r\n\t\t\t\t\t\t\t  }\r\n\t\t\t\t\t\t\t},\r\n\t\t\t\t\t\t\t{\r\n\t\t\t\t\t\t\t  breakpoint: 481,\r\n\t\t\t\t\t\t\t  settings: {\r\n\t\t\t\t\t\t\t\tslidesToShow: 1,\r\n\t\t\t\t\t\t\t\tslidesToScroll: 1\r\n\t\t\t\t\t\t\t  }\r\n\t\t\t\t\t\t\t}\r\n\t\t\t\t\t\t],pauseOnDotsHover: true,customPaging: function(slider, i) {\r\n                   return '<i type=\"button\" style= \"color:#7a7a7a;\" class=\"ultsl-radio-unchecked\" data-role=\"none\"><\/i>';\r\n                },});\r\n\t\t\t\t\t}\r\n\t\t\t\t});\r\n\t\t\t<\/script>\r\n\t\t\t[\/vc_column][\/vc_row][vc_row][vc_column][vc_separator][\/vc_column][\/vc_row][vc_row][vc_column][\/vc_column][\/vc_row][vc_row][vc_column][\/vc_column][\/vc_row][vc_row][vc_column][vc_column_text]<\/p>\n<p style=\"text-align: center;\">O apart esta localizado no complexo, acesso ao lado da recep\u00e7\u00e3o. Conta com 8 unidades com comodidades para alojar entre 2 e 4 pessoas. Cada unidade tem seu pr\u00f3prio deck com churrasqueira, e o estacionamento se encontra em frente ao acesso de cada apartamento.<\/p>\n<p>[\/vc_column_text][vc_separator][\/vc_column][\/vc_row][vc_row][vc_column][\/vc_column][\/vc_row][vc_row][vc_column width=\u00bb1\/2&#8243;][vc_column_text]<\/p>\n<ul>\n<li>60 M2 pr\u00f3prios.<\/li>\n<li>Em duas plantas.<\/li>\n<li>Planta alta: dormit\u00f3rio com sommier queen,<br \/>\nbanheiro completo, sof\u00e1 e guarda roupas.<\/li>\n<li>Planta baixa: sala de estar com sof\u00e1, sala com cozinha integrada, sa\u00edda ao deck.<\/li>\n<li>Galeria semi coberta no acesso.<\/li>\n<li>Cozinha completa.<\/li>\n<li>Deck com churrasqueira.<\/li>\n<\/ul>\n<p>[\/vc_column_text][\/vc_column][vc_column width=\u00bb1\/2&#8243;][vc_single_image image=\u00bb9613&#8243; img_size=\u00bbfull\u00bb][\/vc_column][\/vc_row][vc_row full_width=\u00bbdefault_no_spaces\u00bb css=\u00bb.vc_custom_1547724389432{padding-top: 35px !important;padding-bottom: 35px !important;background-color: #3b3e47 !important;}\u00bb][vc_column width=\u00bb2\/3&#8243;]<div class=\"ult-animation  ult-animate-viewport  ult-no-mobile \" data-animate=\"fadeInLeft\" data-animation-delay=\"1\" data-animation-duration=\"1\" data-animation-iteration=\"0.8\" style=\"opacity:0;\" data-opacity_start_effect=\"\">[vc_custom_heading text=\u00bbReserve agora a sua estadia em Arbolar.\u00bb font_container=\u00bbtag:h2|text_align:left|color:%23ffffff\u00bb google_fonts=\u00bbfont_family:Roboto%3A100%2C100italic%2C300%2C300italic%2Cregular%2Citalic%2C500%2C500italic%2C700%2C700italic%2C900%2C900italic|font_style:400%20regular%3A400%3Anormal\u00bb css=\u00bb.vc_custom_1547724483054{margin-bottom: 5px !important;}\u00bb][vc_custom_heading text=\u00bbViva uma experi\u00eancia \u00fanica, desfrutando do charme de Villa La Angostura, suas montanhas, lagos e florestas.\u00bb font_container=\u00bbtag:p|font_size:14|text_align:left|color:%23ffffff\u00bb google_fonts=\u00bbfont_family:Roboto%3A100%2C100italic%2C300%2C300italic%2Cregular%2Citalic%2C500%2C500italic%2C700%2C700italic%2C900%2C900italic|font_style:300%20light%20regular%3A300%3Anormal\u00bb css=\u00bb.vc_custom_1557955946784{margin-bottom: 0px !important;}\u00bb]<\/div>[\/vc_column][vc_column width=\u00bb1\/3&#8243;]<div class=\"ult-animation  ult-animate-viewport  ult-no-mobile \" data-animate=\"bounceIn\" data-animation-delay=\"1.1\" data-animation-duration=\"1\" data-animation-iteration=\"1\" style=\"opacity:0;\" data-opacity_start_effect=\"\">[vc_btn title=\u00bbR E S E R V A S\u00bb style=\u00bbflat\u00bb shape=\u00bbsquare\u00bb color=\u00bbinverse\u00bb size=\u00bblg\u00bb css_animation=\u00bbfadeInRight\u00bb link=\u00bburl:http%3A%2F%2Farbolarweb.com.ar%2Fweb%2Freservas-2%2F|title:Reservas||\u00bb]<\/div>[\/vc_column][\/vc_row]<\/p>\n","protected":false},"excerpt":{"rendered":"<p>[vc_row][vc_column][\/vc_column][\/vc_row][vc_row][vc_column][vc_custom_heading text=\u00bbApart 1 al 7&#8243; font_container=\u00bbtag:h2|font_size:35|text_align:center\u00bb google_fonts=\u00bbfont_family:Roboto%3A100%2C100italic%2C300%2C300italic%2Cregular%2Citalic%2C500%2C500italic%2C700%2C700italic%2C900%2C900italic|font_style:100%20light%20regular%3A100%3Anormal\u00bb][vc_separator][\/vc_column][\/vc_row][vc_row][vc_column][\/vc_column][\/vc_row][vc_row][vc_column][vc_separator][\/vc_column][\/vc_row][vc_row][vc_column][\/vc_column][\/vc_row][vc_row][vc_column][\/vc_column][\/vc_row][vc_row][vc_column][vc_column_text] O apart esta localizado no complexo, acesso ao lado da recep\u00e7\u00e3o. Conta com 8 unidades com comodidades para alojar entre 2 e 4 pessoas. Cada unidade tem seu pr\u00f3prio deck com churrasqueira, e o estacionamento se encontra em frente ao acesso de cada apartamento. [\/vc_column_text][vc_separator][\/vc_column][\/vc_row][vc_row][vc_column][\/vc_column][\/vc_row][vc_row][vc_column width=\u00bb1\/2&#8243;][vc_column_text] 60 M2 [&hellip;]<\/p>\n","protected":false},"author":3,"featured_media":0,"parent":0,"menu_order":0,"comment_status":"closed","ping_status":"closed","template":"","meta":{"footnotes":""},"class_list":["post-10270","page","type-page","status-publish","hentry"],"yoast_head":"<!-- This site is optimized with the Yoast SEO plugin v25.5 - https:\/\/yoast.com\/wordpress\/plugins\/seo\/ -->\n<title>Arbolar - Casas de Monta\u00f1a - arbolarweb.com.ar<\/title>\n<meta name=\"description\" content=\"Alquiler de casas y apart hotel en Villa La Angostura\" \/>\n<meta name=\"robots\" content=\"index, follow, max-snippet:-1, max-image-preview:large, max-video-preview:-1\" \/>\n<link rel=\"canonical\" href=\"https:\/\/arbolarweb.com.ar\/web\/apart-1-al-7-2\/\" \/>\n<meta property=\"og:locale\" content=\"es_ES\" \/>\n<meta property=\"og:type\" content=\"article\" \/>\n<meta property=\"og:title\" content=\"Arbolar - Casas de Monta\u00f1a - arbolarweb.com.ar\" \/>\n<meta property=\"og:description\" content=\"Alquiler de casas y apart hotel en Villa La Angostura\" \/>\n<meta property=\"og:url\" content=\"https:\/\/arbolarweb.com.ar\/web\/apart-1-al-7-2\/\" \/>\n<meta property=\"og:site_name\" content=\"Arbolar Casas de Monta\u00f1a Villa La Angostura Patagonia Argentina\" \/>\n<meta property=\"article:publisher\" content=\"https:\/\/www.facebook.com\/arbolarcasas\/\" \/>\n<meta property=\"article:modified_time\" content=\"2020-01-03T23:07:32+00:00\" \/>\n<meta name=\"twitter:card\" content=\"summary_large_image\" \/>\n<meta name=\"twitter:label1\" content=\"Tiempo de lectura\" \/>\n\t<meta name=\"twitter:data1\" content=\"3 minutos\" \/>\n<script type=\"application\/ld+json\" class=\"yoast-schema-graph\">{\"@context\":\"https:\/\/schema.org\",\"@graph\":[{\"@type\":\"WebPage\",\"@id\":\"https:\/\/arbolarweb.com.ar\/web\/apart-1-al-7-2\/\",\"url\":\"https:\/\/arbolarweb.com.ar\/web\/apart-1-al-7-2\/\",\"name\":\"Arbolar - Casas de Monta\u00f1a - arbolarweb.com.ar\",\"isPartOf\":{\"@id\":\"https:\/\/arbolarweb.com.ar\/web\/#website\"},\"datePublished\":\"2019-07-28T03:26:53+00:00\",\"dateModified\":\"2020-01-03T23:07:32+00:00\",\"description\":\"Alquiler de casas y apart hotel en Villa La Angostura\",\"breadcrumb\":{\"@id\":\"https:\/\/arbolarweb.com.ar\/web\/apart-1-al-7-2\/#breadcrumb\"},\"inLanguage\":\"es\",\"potentialAction\":[{\"@type\":\"ReadAction\",\"target\":[\"https:\/\/arbolarweb.com.ar\/web\/apart-1-al-7-2\/\"]}]},{\"@type\":\"BreadcrumbList\",\"@id\":\"https:\/\/arbolarweb.com.ar\/web\/apart-1-al-7-2\/#breadcrumb\",\"itemListElement\":[{\"@type\":\"ListItem\",\"position\":1,\"name\":\"Portada\",\"item\":\"https:\/\/arbolarweb.com.ar\/web\/\"},{\"@type\":\"ListItem\",\"position\":2,\"name\":\"Apart 1 al 7\"}]},{\"@type\":\"WebSite\",\"@id\":\"https:\/\/arbolarweb.com.ar\/web\/#website\",\"url\":\"https:\/\/arbolarweb.com.ar\/web\/\",\"name\":\"Arbolar Casas de Monta\u00f1a Villa La Angostura Patagonia Argentina\",\"description\":\"Hospedaje en Villa La Angostura\",\"potentialAction\":[{\"@type\":\"SearchAction\",\"target\":{\"@type\":\"EntryPoint\",\"urlTemplate\":\"https:\/\/arbolarweb.com.ar\/web\/?s={search_term_string}\"},\"query-input\":{\"@type\":\"PropertyValueSpecification\",\"valueRequired\":true,\"valueName\":\"search_term_string\"}}],\"inLanguage\":\"es\"}]}<\/script>\n<!-- \/ Yoast SEO plugin. -->","yoast_head_json":{"title":"Arbolar - Casas de Monta\u00f1a - arbolarweb.com.ar","description":"Alquiler de casas y apart hotel en Villa La Angostura","robots":{"index":"index","follow":"follow","max-snippet":"max-snippet:-1","max-image-preview":"max-image-preview:large","max-video-preview":"max-video-preview:-1"},"canonical":"https:\/\/arbolarweb.com.ar\/web\/apart-1-al-7-2\/","og_locale":"es_ES","og_type":"article","og_title":"Arbolar - Casas de Monta\u00f1a - arbolarweb.com.ar","og_description":"Alquiler de casas y apart hotel en Villa La Angostura","og_url":"https:\/\/arbolarweb.com.ar\/web\/apart-1-al-7-2\/","og_site_name":"Arbolar Casas de Monta\u00f1a Villa La Angostura Patagonia Argentina","article_publisher":"https:\/\/www.facebook.com\/arbolarcasas\/","article_modified_time":"2020-01-03T23:07:32+00:00","twitter_card":"summary_large_image","twitter_misc":{"Tiempo de lectura":"3 minutos"},"schema":{"@context":"https:\/\/schema.org","@graph":[{"@type":"WebPage","@id":"https:\/\/arbolarweb.com.ar\/web\/apart-1-al-7-2\/","url":"https:\/\/arbolarweb.com.ar\/web\/apart-1-al-7-2\/","name":"Arbolar - Casas de Monta\u00f1a - arbolarweb.com.ar","isPartOf":{"@id":"https:\/\/arbolarweb.com.ar\/web\/#website"},"datePublished":"2019-07-28T03:26:53+00:00","dateModified":"2020-01-03T23:07:32+00:00","description":"Alquiler de casas y apart hotel en Villa La Angostura","breadcrumb":{"@id":"https:\/\/arbolarweb.com.ar\/web\/apart-1-al-7-2\/#breadcrumb"},"inLanguage":"es","potentialAction":[{"@type":"ReadAction","target":["https:\/\/arbolarweb.com.ar\/web\/apart-1-al-7-2\/"]}]},{"@type":"BreadcrumbList","@id":"https:\/\/arbolarweb.com.ar\/web\/apart-1-al-7-2\/#breadcrumb","itemListElement":[{"@type":"ListItem","position":1,"name":"Portada","item":"https:\/\/arbolarweb.com.ar\/web\/"},{"@type":"ListItem","position":2,"name":"Apart 1 al 7"}]},{"@type":"WebSite","@id":"https:\/\/arbolarweb.com.ar\/web\/#website","url":"https:\/\/arbolarweb.com.ar\/web\/","name":"Arbolar Casas de Monta\u00f1a Villa La Angostura Patagonia Argentina","description":"Hospedaje en Villa La Angostura","potentialAction":[{"@type":"SearchAction","target":{"@type":"EntryPoint","urlTemplate":"https:\/\/arbolarweb.com.ar\/web\/?s={search_term_string}"},"query-input":{"@type":"PropertyValueSpecification","valueRequired":true,"valueName":"search_term_string"}}],"inLanguage":"es"}]}},"_links":{"self":[{"href":"https:\/\/arbolarweb.com.ar\/web\/wp-json\/wp\/v2\/pages\/10270","targetHints":{"allow":["GET"]}}],"collection":[{"href":"https:\/\/arbolarweb.com.ar\/web\/wp-json\/wp\/v2\/pages"}],"about":[{"href":"https:\/\/arbolarweb.com.ar\/web\/wp-json\/wp\/v2\/types\/page"}],"author":[{"embeddable":true,"href":"https:\/\/arbolarweb.com.ar\/web\/wp-json\/wp\/v2\/users\/3"}],"replies":[{"embeddable":true,"href":"https:\/\/arbolarweb.com.ar\/web\/wp-json\/wp\/v2\/comments?post=10270"}],"version-history":[{"count":3,"href":"https:\/\/arbolarweb.com.ar\/web\/wp-json\/wp\/v2\/pages\/10270\/revisions"}],"predecessor-version":[{"id":11286,"href":"https:\/\/arbolarweb.com.ar\/web\/wp-json\/wp\/v2\/pages\/10270\/revisions\/11286"}],"wp:attachment":[{"href":"https:\/\/arbolarweb.com.ar\/web\/wp-json\/wp\/v2\/media?parent=10270"}],"curies":[{"name":"wp","href":"https:\/\/api.w.org\/{rel}","templated":true}]}}