{"id":10357,"date":"2019-08-17T18:13:55","date_gmt":"2019-08-17T21:13:55","guid":{"rendered":"http:\/\/69.16.243.28\/~arbolarwebcom\/web\/?page_id=10357"},"modified":"2019-11-15T17:24:33","modified_gmt":"2019-11-15T17:24:33","slug":"club-house-e-servicos","status":"publish","type":"page","link":"https:\/\/arbolarweb.com.ar\/web\/club-house-e-servicos\/","title":{"rendered":"Club house e Servi\u00e7os"},"content":{"rendered":"<p>[vc_row][vc_column][vc_column_text]<p>[\/vc_column_text][\/vc_column][\/vc_row][vc_row css_animation=\u00bbfadeIn\u00bb bg_type=\u00bbbg_color\u00bb css=\u00bb.vc_custom_1545932614796{padding-right: 5% !important;padding-left: 5% !important;background-color: #f5f5f5 !important;}\u00bb bg_color_value=\u00bb#ffffff\u00bb][vc_column]<div class=\"ult-animation  ult-animate-viewport  ult-no-mobile \" data-animate=\"zoomIn\" data-animation-delay=\"1\" data-animation-duration=\"1\" data-animation-iteration=\"1\" style=\"opacity:0;\" data-opacity_start_effect=\"\">[vc_custom_heading text=\u00bbClub House e Servi\u00e7os\u00bb font_container=\u00bbtag:h2|font_size:35|text_align:center\u00bb google_fonts=\u00bbfont_family:Roboto%3A100%2C100italic%2C300%2C300italic%2Cregular%2Citalic%2C500%2C500italic%2C700%2C700italic%2C900%2C900italic|font_style:100%20light%20regular%3A100%3Anormal\u00bb][vc_separator][vc_column_text css_animation=\u00bbfadeInDown\u00bb]<\/p>\n<p style=\"text-align: center;\">Nosso complexo Arbolar consiste de um parque de 18.000 m2 com \u00e1rea de recrea\u00e7\u00e3o exterior com jogos para crian\u00e7as e um clube house com piscina climatizada in\/out, academia e sala de jogos.<\/p>\n<p>[\/vc_column_text][vc_separator]<div id=\"ult-carousel-39576274969d08bee01e98\" class=\"ult-carousel-wrapper   ult_horizontal\" data-gutter=\"5\" data-rtl=\"false\" ><div class=\"ult-carousel-35006605169d08bee01d3c \" >[vc_single_image image=\u00bb10837&#8243; img_size=\u00bb500&#215;500&#8243; onclick=\u00bblink_image\u00bb][vc_single_image image=\u00bb9758&#8243; img_size=\u00bb500&#215;500&#8243; onclick=\u00bblink_image\u00bb][vc_single_image image=\u00bb9759&#8243; img_size=\u00bb500&#215;500&#8243; onclick=\u00bblink_image\u00bb][vc_single_image image=\u00bb9760&#8243; img_size=\u00bb500&#215;500&#8243; onclick=\u00bblink_image\u00bb]<\/div><\/div>\t\t\t<script type=\"text\/javascript\">\r\n\t\t\t\tjQuery(document).ready(function ($) {\r\n\t\t\t\t\tif( typeof jQuery('.ult-carousel-35006605169d08bee01d3c').slick == \"function\"){\r\n\t\t\t\t\t\t$('.ult-carousel-35006605169d08bee01d3c').slick({dots: true,autoplay: true,autoplaySpeed: 5000,speed: 800,infinite: true,arrows: true,nextArrow: '<button type=\"button\" role=\"button\" aria-label=\"Next\" style=\"color:#ffffff; font-size:32px;background:rgba(255,255,255,0.46);\" class=\"slick-next circle-bg\"><i class=\"ultsl-arrow-right4\"><\/i><\/button>',prevArrow: '<button type=\"button\" role=\"button\" aria-label=\"Previous\" style=\"color:#ffffff; font-size:32px;background:rgba(255,255,255,0.46);\" class=\"slick-prev circle-bg\"><i class=\"ultsl-arrow-left4\"><\/i><\/button>',slidesToScroll:3,slidesToShow:3,swipe: true,draggable: true,touchMove: true,pauseOnHover: true,pauseOnFocus: false,responsive: [\r\n\t\t\t\t\t\t\t{\r\n\t\t\t\t\t\t\t  breakpoint: 1025,\r\n\t\t\t\t\t\t\t  settings: {\r\n\t\t\t\t\t\t\t\tslidesToShow: 3,\r\n\t\t\t\t\t\t\t\tslidesToScroll: 3,  \r\n\t\t\t\t\t\t\t  }\r\n\t\t\t\t\t\t\t},\r\n\t\t\t\t\t\t\t{\r\n\t\t\t\t\t\t\t  breakpoint: 769,\r\n\t\t\t\t\t\t\t  settings: {\r\n\t\t\t\t\t\t\t\tslidesToShow: 3,\r\n\t\t\t\t\t\t\t\tslidesToScroll: 3\r\n\t\t\t\t\t\t\t  }\r\n\t\t\t\t\t\t\t},\r\n\t\t\t\t\t\t\t{\r\n\t\t\t\t\t\t\t  breakpoint: 481,\r\n\t\t\t\t\t\t\t  settings: {\r\n\t\t\t\t\t\t\t\tslidesToShow: 1,\r\n\t\t\t\t\t\t\t\tslidesToScroll: 1\r\n\t\t\t\t\t\t\t  }\r\n\t\t\t\t\t\t\t}\r\n\t\t\t\t\t\t],pauseOnDotsHover: true,customPaging: function(slider, i) {\r\n                   return '<i type=\"button\" style= \"color:#7f7f7f;\" class=\"ultsl-radio-unchecked\" data-role=\"none\"><\/i>';\r\n                },});\r\n\t\t\t\t\t}\r\n\t\t\t\t});\r\n\t\t\t<\/script>\r\n\t\t\t<\/div>[\/vc_column][\/vc_row][vc_row full_width=\u00bbdefault_no_spaces\u00bb gap=\u00bb35&#8243; css_animation=\u00bbfadeInUp\u00bb bg_type=\u00bbbg_color\u00bb css=\u00bb.vc_custom_1543081060724{background-color: #f5f5f5 !important;}\u00bb bg_color_value=\u00bb#ffffff\u00bb][vc_column el_align=\u00bbcenter\u00bb][vc_separator][\/vc_column][vc_column width=\u00bb1\/3&#8243; el_align=\u00bbcenter\u00bb]<div class=\"ult-animation  ult-animate-viewport  ult-no-mobile \" data-animate=\"fadeInUp\" data-animation-delay=\"0.8\" data-animation-duration=\"1\" data-animation-iteration=\"1\" style=\"opacity:0;\" data-opacity_start_effect=\"\">[vc_custom_heading text=\u00bbPiscina climatizada in\/out\u00bb font_container=\u00bbtag:h3|text_align:center\u00bb google_fonts=\u00bbfont_family:Open%20Sans%3A300%2C300italic%2Cregular%2Citalic%2C600%2C600italic%2C700%2C700italic%2C800%2C800italic|font_style:600%20bold%20regular%3A600%3Anormal\u00bb][vc_column_text css=\u00bb.vc_custom_1566079652828{margin-bottom: 30px !important;}\u00bb]<\/p>\n<p style=\"text-align: center;\">Em nosso setor de piscina consiste vesti\u00e1rios, uma piscina in\/out climatizada a 35\u00b0 de temperatura e un setor especial com uma piscina climatizada para crian\u00e7as menores de 5 anos. Em seu deck sol\u00e1rium rodeada de ruidos de nossa enseada desfrutara ao m\u00e1ximo da experiencia Arbolar.<\/p>\n<p>[\/vc_column_text]<\/div>[\/vc_column][vc_column width=\u00bb1\/3&#8243; el_align=\u00bbcenter\u00bb]<div class=\"ult-animation  ult-animate-viewport  ult-no-mobile \" data-animate=\"fadeInUp\" data-animation-delay=\"1.1\" data-animation-duration=\"1\" data-animation-iteration=\"1\" style=\"opacity:0;\" data-opacity_start_effect=\"\">[vc_custom_heading text=\u00bbSala de Jogos\u00bb font_container=\u00bbtag:h3|text_align:center\u00bb google_fonts=\u00bbfont_family:Open%20Sans%3A300%2C300italic%2Cregular%2Citalic%2C600%2C600italic%2C700%2C700italic%2C800%2C800italic|font_style:600%20bold%20regular%3A600%3Anormal\u00bb][vc_column_text css=\u00bb.vc_custom_1566079720748{margin-bottom: 30px !important;}\u00bb]Equipada de uma mesa de sinuca revers\u00edvel a ping pong, pebolim e um play station com uma TV LDC de 32\u201d, a sala de jogos \u00e9 um lugar destinado as crian\u00e7as de 8 a 13 anos e adolecentes.[\/vc_column_text]<\/div>[\/vc_column][vc_column width=\u00bb1\/3&#8243;]<div class=\"ult-animation  ult-animate-viewport  ult-no-mobile \" data-animate=\"fadeInUp\" data-animation-delay=\"1.4\" data-animation-duration=\"1\" data-animation-iteration=\"1\" style=\"opacity:0;\" data-opacity_start_effect=\"\">[vc_custom_heading text=\u00bbAcademia\u00bb font_container=\u00bbtag:h3|text_align:center\u00bb google_fonts=\u00bbfont_family:Open%20Sans%3A300%2C300italic%2Cregular%2Citalic%2C600%2C600italic%2C700%2C700italic%2C800%2C800italic|font_style:600%20bold%20regular%3A600%3Anormal\u00bb][vc_column_text css=\u00bb.vc_custom_1566079741759{margin-bottom: 30px !important;}\u00bb]<\/p>\n<p style=\"text-align: center;\">Um lugar pensado para manter a forma em quanto desfruta uma incr\u00edvel vista da enseada e montanha. A academia esta equipada com bicicleta, esteira, el\u00edptico e uma mini academia.<\/p>\n<p>[\/vc_column_text]<\/div>[\/vc_column][vc_column][\/vc_column][\/vc_row][vc_row full_width=\u00bbdefault_no_spaces\u00bb bg_type=\u00bbbg_color\u00bb css=\u00bb.vc_custom_1543081031017{padding-top: 4% !important;padding-bottom: 3% !important;}\u00bb el_class=\u00bbservices-section3&#8243; bg_color_value=\u00bb#ffffff\u00bb][vc_column]<div class=\"ult-animation  ult-animate-viewport  ult-no-mobile \" data-animate=\"fadeInLeft\" data-animation-delay=\"0.5\" data-animation-duration=\"1\" data-animation-iteration=\"1\" style=\"opacity:0;\" data-opacity_start_effect=\"\">[vc_custom_heading text=\u00bbServi\u00e7os incluidos\u00bb font_container=\u00bbtag:h2|font_size:28|text_align:center\u00bb google_fonts=\u00bbfont_family:Roboto%3A100%2C100italic%2C300%2C300italic%2Cregular%2Citalic%2C500%2C500italic%2C700%2C700italic%2C900%2C900italic|font_style:300%20light%20regular%3A300%3Anormal\u00bb][vc_separator]<\/div>[\/vc_column][vc_column width=\u00bb1\/6&#8243;][\/vc_column][vc_column width=\u00bb2\/6&#8243;][vc_column_text]<\/p>\n<ul>\n<li>Guarda ski<\/li>\n<li>Estacionamento<\/li>\n<li>Ropa de cama\/ servi\u00e7o de camareras<\/li>\n<li>Servi\u00e7o de internet \/ wi fi<\/li>\n<li>Computadores a disposi\u00e7\u00e3o na recep\u00e7\u00e3o<\/li>\n<li>Piscina climatizada in\/out 30\u00b0 de temperatura<\/li>\n<li>Piscina climatizada para crian\u00e7as<\/li>\n<li>Toalhas de piscina\/sol\u00e1rium<\/li>\n<\/ul>\n<p>[\/vc_column_text][\/vc_column][vc_column width=\u00bb2\/6&#8243;][vc_column_text]<\/p>\n<ul>\n<li>Sala de jogos com sinuca, pebolim, ping pong, play station 3<\/li>\n<li>Ber\u00e7o funcional, cadeiras, banheira para bebes<\/li>\n<li>Vesti\u00e1rios<\/li>\n<li>Deck e churrasqueira individuais<\/li>\n<li>Servi\u00e7o de lenha (somente em casas)<\/li>\n<li>Bicicletas dispon\u00edveis sem custo adicional<\/li>\n<li>Kits maternos sem custo adicional<\/li>\n<li>Bicicletas disponibles sin costo adicional<\/li>\n<li>Kits materos sin costo adicional<\/li>\n<\/ul>\n<p>[\/vc_column_text][\/vc_column][vc_column width=\u00bb1\/6&#8243;][\/vc_column][\/vc_row][vc_row][vc_column][vc_column_text]<\/p>\n<\/p>\n<p>[\/vc_column_text][\/vc_column][\/vc_row][vc_row full_width=\u00bbdefault_no_spaces\u00bb css_animation=\u00bbfadeInUp\u00bb css=\u00bb.vc_custom_1543080835981{padding-top: 35px !important;padding-bottom: 35px !important;background-color: #3b3e47 !important;}\u00bb][vc_column width=\u00bb2\/3&#8243;]<div class=\"ult-animation  ult-animate-viewport  ult-no-mobile \" data-animate=\"fadeInLeft\" data-animation-delay=\"0.8\" data-animation-duration=\"1\" data-animation-iteration=\"1\" style=\"opacity:0;\" data-opacity_start_effect=\"\">[vc_custom_heading text=\u00bbReserve agora a sua estadia em Arbolar\u00bb font_container=\u00bbtag:h2|font_size:30|text_align:left|color:%23ffffff\u00bb use_theme_fonts=\u00bbyes\u00bb css=\u00bb.vc_custom_1566080077396{margin-bottom: 5px !important;}\u00bb][vc_custom_heading text=\u00bbViva uma experi\u00eancia \u00fanica, desfrutando do charme de Villa La Angostura, suas montanhas, lagos e florestas.\u00bb font_container=\u00bbtag:p|font_size:14|text_align:left|color:%23ffffff\u00bb use_theme_fonts=\u00bbyes\u00bb css=\u00bb.vc_custom_1566080094153{margin-bottom: 0px !important;}\u00bb]<\/div>[\/vc_column][vc_column width=\u00bb1\/3&#8243; el_align=\u00bbright\u00bb]<div class=\"ult-animation  ult-animate-viewport  ult-no-mobile \" data-animate=\"bounceIn\" data-animation-delay=\"1.1\" data-animation-duration=\"1\" data-animation-iteration=\"1\" style=\"opacity:0;\" data-opacity_start_effect=\"\">[vc_btn title=\u00bbR E S E R V A R\u00bb style=\u00bbflat\u00bb shape=\u00bbsquare\u00bb color=\u00bbinverse\u00bb size=\u00bblg\u00bb css_animation=\u00bbfadeInRight\u00bb link=\u00bburl:http%3A%2F%2Farbolarweb.com.ar%2Fweb%2Fpt%2Freservas-2%2F|title:Reservas||\u00bb]<\/div>[\/vc_column][\/vc_row][vc_row][vc_column][vc_column_text][\/vc_column_text][\/vc_column][\/vc_row]<\/p>\n","protected":false},"excerpt":{"rendered":"<p>[vc_row][vc_column][vc_column_text] [\/vc_column_text][\/vc_column][\/vc_row][vc_row full_width=\u00bbdefault_no_spaces\u00bb css_animation=\u00bbfadeInUp\u00bb css=\u00bb.vc_custom_1543080835981{padding-top: 35px !important;padding-bottom: 35px !important;background-color: #3b3e47 !important;}\u00bb][vc_column width=\u00bb2\/3&#8243;][\/vc_column][vc_column width=\u00bb1\/3&#8243; el_align=\u00bbright\u00bb][\/vc_column][\/vc_row][vc_row][vc_column][vc_column_text][\/vc_column_text][\/vc_column][\/vc_row]<\/p>\n","protected":false},"author":3,"featured_media":0,"parent":0,"menu_order":0,"comment_status":"closed","ping_status":"closed","template":"","meta":{"footnotes":""},"class_list":["post-10357","page","type-page","status-publish","hentry"],"yoast_head":"<!-- This site is optimized with the Yoast SEO plugin v25.5 - https:\/\/yoast.com\/wordpress\/plugins\/seo\/ -->\n<title>Arbolar - Casas de Monta\u00f1a - arbolarweb.com.ar<\/title>\n<meta name=\"description\" content=\"Alquiler de casas y apart hotel en Villa La Angostura\" \/>\n<meta name=\"robots\" content=\"index, follow, max-snippet:-1, max-image-preview:large, max-video-preview:-1\" \/>\n<link rel=\"canonical\" href=\"https:\/\/arbolarweb.com.ar\/web\/club-house-e-servicos\/\" \/>\n<meta property=\"og:locale\" content=\"es_ES\" \/>\n<meta property=\"og:type\" content=\"article\" \/>\n<meta property=\"og:title\" content=\"Arbolar - Casas de Monta\u00f1a - arbolarweb.com.ar\" \/>\n<meta property=\"og:description\" content=\"Alquiler de casas y apart hotel en Villa La Angostura\" \/>\n<meta property=\"og:url\" content=\"https:\/\/arbolarweb.com.ar\/web\/club-house-e-servicos\/\" \/>\n<meta property=\"og:site_name\" content=\"Arbolar Casas de Monta\u00f1a Villa La Angostura Patagonia Argentina\" \/>\n<meta property=\"article:publisher\" content=\"https:\/\/www.facebook.com\/arbolarcasas\/\" \/>\n<meta property=\"article:modified_time\" content=\"2019-11-15T17:24:33+00:00\" \/>\n<meta name=\"twitter:card\" content=\"summary_large_image\" \/>\n<meta name=\"twitter:label1\" content=\"Tiempo de lectura\" \/>\n\t<meta name=\"twitter:data1\" content=\"5 minutos\" \/>\n<script type=\"application\/ld+json\" class=\"yoast-schema-graph\">{\"@context\":\"https:\/\/schema.org\",\"@graph\":[{\"@type\":\"WebPage\",\"@id\":\"https:\/\/arbolarweb.com.ar\/web\/club-house-e-servicos\/\",\"url\":\"https:\/\/arbolarweb.com.ar\/web\/club-house-e-servicos\/\",\"name\":\"Arbolar - Casas de Monta\u00f1a - arbolarweb.com.ar\",\"isPartOf\":{\"@id\":\"https:\/\/arbolarweb.com.ar\/web\/#website\"},\"datePublished\":\"2019-08-17T21:13:55+00:00\",\"dateModified\":\"2019-11-15T17:24:33+00:00\",\"description\":\"Alquiler de casas y apart hotel en Villa La Angostura\",\"breadcrumb\":{\"@id\":\"https:\/\/arbolarweb.com.ar\/web\/club-house-e-servicos\/#breadcrumb\"},\"inLanguage\":\"es\",\"potentialAction\":[{\"@type\":\"ReadAction\",\"target\":[\"https:\/\/arbolarweb.com.ar\/web\/club-house-e-servicos\/\"]}]},{\"@type\":\"BreadcrumbList\",\"@id\":\"https:\/\/arbolarweb.com.ar\/web\/club-house-e-servicos\/#breadcrumb\",\"itemListElement\":[{\"@type\":\"ListItem\",\"position\":1,\"name\":\"Portada\",\"item\":\"https:\/\/arbolarweb.com.ar\/web\/\"},{\"@type\":\"ListItem\",\"position\":2,\"name\":\"Club house e Servi\u00e7os\"}]},{\"@type\":\"WebSite\",\"@id\":\"https:\/\/arbolarweb.com.ar\/web\/#website\",\"url\":\"https:\/\/arbolarweb.com.ar\/web\/\",\"name\":\"Arbolar Casas de Monta\u00f1a Villa La Angostura Patagonia Argentina\",\"description\":\"Hospedaje en Villa La Angostura\",\"potentialAction\":[{\"@type\":\"SearchAction\",\"target\":{\"@type\":\"EntryPoint\",\"urlTemplate\":\"https:\/\/arbolarweb.com.ar\/web\/?s={search_term_string}\"},\"query-input\":{\"@type\":\"PropertyValueSpecification\",\"valueRequired\":true,\"valueName\":\"search_term_string\"}}],\"inLanguage\":\"es\"}]}<\/script>\n<!-- \/ Yoast SEO plugin. -->","yoast_head_json":{"title":"Arbolar - Casas de Monta\u00f1a - arbolarweb.com.ar","description":"Alquiler de casas y apart hotel en Villa La Angostura","robots":{"index":"index","follow":"follow","max-snippet":"max-snippet:-1","max-image-preview":"max-image-preview:large","max-video-preview":"max-video-preview:-1"},"canonical":"https:\/\/arbolarweb.com.ar\/web\/club-house-e-servicos\/","og_locale":"es_ES","og_type":"article","og_title":"Arbolar - Casas de Monta\u00f1a - arbolarweb.com.ar","og_description":"Alquiler de casas y apart hotel en Villa La Angostura","og_url":"https:\/\/arbolarweb.com.ar\/web\/club-house-e-servicos\/","og_site_name":"Arbolar Casas de Monta\u00f1a Villa La Angostura Patagonia Argentina","article_publisher":"https:\/\/www.facebook.com\/arbolarcasas\/","article_modified_time":"2019-11-15T17:24:33+00:00","twitter_card":"summary_large_image","twitter_misc":{"Tiempo de lectura":"5 minutos"},"schema":{"@context":"https:\/\/schema.org","@graph":[{"@type":"WebPage","@id":"https:\/\/arbolarweb.com.ar\/web\/club-house-e-servicos\/","url":"https:\/\/arbolarweb.com.ar\/web\/club-house-e-servicos\/","name":"Arbolar - Casas de Monta\u00f1a - arbolarweb.com.ar","isPartOf":{"@id":"https:\/\/arbolarweb.com.ar\/web\/#website"},"datePublished":"2019-08-17T21:13:55+00:00","dateModified":"2019-11-15T17:24:33+00:00","description":"Alquiler de casas y apart hotel en Villa La Angostura","breadcrumb":{"@id":"https:\/\/arbolarweb.com.ar\/web\/club-house-e-servicos\/#breadcrumb"},"inLanguage":"es","potentialAction":[{"@type":"ReadAction","target":["https:\/\/arbolarweb.com.ar\/web\/club-house-e-servicos\/"]}]},{"@type":"BreadcrumbList","@id":"https:\/\/arbolarweb.com.ar\/web\/club-house-e-servicos\/#breadcrumb","itemListElement":[{"@type":"ListItem","position":1,"name":"Portada","item":"https:\/\/arbolarweb.com.ar\/web\/"},{"@type":"ListItem","position":2,"name":"Club house e Servi\u00e7os"}]},{"@type":"WebSite","@id":"https:\/\/arbolarweb.com.ar\/web\/#website","url":"https:\/\/arbolarweb.com.ar\/web\/","name":"Arbolar Casas de Monta\u00f1a Villa La Angostura Patagonia Argentina","description":"Hospedaje en Villa La Angostura","potentialAction":[{"@type":"SearchAction","target":{"@type":"EntryPoint","urlTemplate":"https:\/\/arbolarweb.com.ar\/web\/?s={search_term_string}"},"query-input":{"@type":"PropertyValueSpecification","valueRequired":true,"valueName":"search_term_string"}}],"inLanguage":"es"}]}},"_links":{"self":[{"href":"https:\/\/arbolarweb.com.ar\/web\/wp-json\/wp\/v2\/pages\/10357","targetHints":{"allow":["GET"]}}],"collection":[{"href":"https:\/\/arbolarweb.com.ar\/web\/wp-json\/wp\/v2\/pages"}],"about":[{"href":"https:\/\/arbolarweb.com.ar\/web\/wp-json\/wp\/v2\/types\/page"}],"author":[{"embeddable":true,"href":"https:\/\/arbolarweb.com.ar\/web\/wp-json\/wp\/v2\/users\/3"}],"replies":[{"embeddable":true,"href":"https:\/\/arbolarweb.com.ar\/web\/wp-json\/wp\/v2\/comments?post=10357"}],"version-history":[{"count":5,"href":"https:\/\/arbolarweb.com.ar\/web\/wp-json\/wp\/v2\/pages\/10357\/revisions"}],"predecessor-version":[{"id":11029,"href":"https:\/\/arbolarweb.com.ar\/web\/wp-json\/wp\/v2\/pages\/10357\/revisions\/11029"}],"wp:attachment":[{"href":"https:\/\/arbolarweb.com.ar\/web\/wp-json\/wp\/v2\/media?parent=10357"}],"curies":[{"name":"wp","href":"https:\/\/api.w.org\/{rel}","templated":true}]}}