{"id":12441,"date":"2023-10-31T12:53:25","date_gmt":"2023-10-31T15:53:25","guid":{"rendered":"https:\/\/arbolarweb.com.ar\/web\/?page_id=12441"},"modified":"2023-11-03T09:47:05","modified_gmt":"2023-11-03T12:47:05","slug":"lofts-pt","status":"publish","type":"page","link":"https:\/\/arbolarweb.com.ar\/web\/lofts-pt\/","title":{"rendered":"Lofts pt"},"content":{"rendered":"<p>[vc_row full_width=\u00bbdefault_no_spaces\u00bb css_animation=\u00bbfadeInUp\u00bb][vc_column][vc_custom_heading text=\u00bbLofts\u00bb font_container=\u00bbtag:h2|font_size:35|text_align:center\u00bb google_fonts=\u00bbfont_family:Roboto%3A100%2C100italic%2C300%2C300italic%2Cregular%2Citalic%2C500%2C500italic%2C700%2C700italic%2C900%2C900italic|font_style:100%20light%20regular%3A100%3Anormal\u00bb][vc_separator][vc_column_text]<\/p>\n<p style=\"text-align: center;\">Na Arbolar temos 3 unidades que chamamos de LOFITOS ou LOFTS, s\u00e3o um produto intermedi\u00e1rio entre apartamentos e casas de montanha. Foram projetados para desfrutar plenamente do ambiente natural, com capacidade m\u00e1xima de 6 pessoas por unidade. Possuem uma vista muito bonita para a mata e para as montanhas, cada casa possui seu pr\u00f3prio deck com churrasqueira, e seu espa\u00e7o verde. T\u00eam um quarto principal e um quarto secund\u00e1rio. H\u00e1 um banheiro completo para cada LOFT. T\u00eam aquecimento central por radiadores. Todos t\u00eam TV, WIFI, mesa para 6 pessoas no interior e no deck.<\/p>\n<p>[\/vc_column_text][vc_separator][\/vc_column][\/vc_row][vc_row bg_type=\u00bbbg_color\u00bb bg_override=\u00bbfull\u00bb bg_color_value=\u00bb#dae4df\u00bb][vc_column width=\u00bb1\/3&#8243;][vc_single_image image=\u00bb12427&#8243; img_size=\u00bbfull\u00bb onclick=\u00bblink_image\u00bb][vc_single_image image=\u00bb12430&#8243; img_size=\u00bbfull\u00bb onclick=\u00bblink_image\u00bb][vc_single_image image=\u00bb12432&#8243; img_size=\u00bbfull\u00bb onclick=\u00bblink_image\u00bb][vc_single_image image=\u00bb12435&#8243; img_size=\u00bbfull\u00bb onclick=\u00bblink_image\u00bb][\/vc_column][vc_column width=\u00bb1\/3&#8243;][vc_single_image image=\u00bb12428&#8243; img_size=\u00bbfull\u00bb onclick=\u00bblink_image\u00bb][vc_single_image image=\u00bb12433&#8243; img_size=\u00bbfull\u00bb onclick=\u00bblink_image\u00bb][\/vc_column][vc_column width=\u00bb1\/3&#8243;][vc_single_image image=\u00bb12429&#8243; img_size=\u00bbfull\u00bb onclick=\u00bblink_image\u00bb][vc_single_image image=\u00bb12434&#8243; img_size=\u00bbfull\u00bb onclick=\u00bblink_image\u00bb][\/vc_column][\/vc_row][vc_row full_width=\u00bbstretch_row_content_no_spaces\u00bb bg_type=\u00bbbg_color\u00bb bg_override=\u00bbfull\u00bb bg_color_value=\u00bb#dae4df\u00bb][vc_column][vc_btn title=\u00bbC O N S U L T E\u00bb style=\u00bbflat\u00bb shape=\u00bbsquare\u00bb color=\u00bbdefault\u00bb size=\u00bblg\u00bb align=\u00bbcenter\u00bb button_block=\u00bbtrue\u00bb link=\u00bburl:%2Fweb%2Fcontato%2F|||\u00bb css=\u00bb.vc_custom_1699015590059{margin-bottom: 0px !important;}\u00bb][vc_btn title=\u00bbR E S E R V A S\u00bb style=\u00bbflat\u00bb shape=\u00bbsquare\u00bb color=\u00bbinverse\u00bb size=\u00bblg\u00bb align=\u00bbcenter\u00bb css_animation=\u00bbnone\u00bb button_block=\u00bbtrue\u00bb link=\u00bburl:%2Fweb%2Freservas-2%2F|||\u00bb css=\u00bb.vc_custom_1699015601823{margin-bottom: 0px !important;}\u00bb][\/vc_column][\/vc_row]<\/p>\n","protected":false},"excerpt":{"rendered":"<p>[vc_row full_width=\u00bbdefault_no_spaces\u00bb css_animation=\u00bbfadeInUp\u00bb][vc_column][vc_custom_heading text=\u00bbLofts\u00bb font_container=\u00bbtag:h2|font_size:35|text_align:center\u00bb google_fonts=\u00bbfont_family:Roboto%3A100%2C100italic%2C300%2C300italic%2Cregular%2Citalic%2C500%2C500italic%2C700%2C700italic%2C900%2C900italic|font_style:100%20light%20regular%3A100%3Anormal\u00bb][vc_separator][vc_column_text] Na Arbolar temos 3 unidades que chamamos de LOFITOS ou LOFTS, s\u00e3o um produto intermedi\u00e1rio entre apartamentos e casas de montanha. Foram projetados para desfrutar plenamente do ambiente natural, com capacidade m\u00e1xima de 6 pessoas por unidade. Possuem uma vista muito bonita para a mata e para as montanhas, [&hellip;]<\/p>\n","protected":false},"author":4,"featured_media":0,"parent":0,"menu_order":0,"comment_status":"closed","ping_status":"closed","template":"","meta":{"footnotes":""},"class_list":["post-12441","page","type-page","status-publish","hentry"],"yoast_head":"<!-- This site is optimized with the Yoast SEO plugin v25.5 - https:\/\/yoast.com\/wordpress\/plugins\/seo\/ -->\n<title>Casas de Monta\u00f1a - Arbolar hospedaje en Villa La Angostura<\/title>\n<meta name=\"description\" content=\"Villa La Angostura, Alquiler, Alojamiento, Caba\u00f1as, Casas, Departamentos, Alquiler Temporario, Apart hotel, Las Balsas, Cerro Bayo\" \/>\n<meta name=\"robots\" content=\"index, follow, max-snippet:-1, max-image-preview:large, max-video-preview:-1\" \/>\n<link rel=\"canonical\" href=\"https:\/\/arbolarweb.com.ar\/web\/lofts-pt\/\" \/>\n<meta property=\"og:locale\" content=\"es_ES\" \/>\n<meta property=\"og:type\" content=\"article\" \/>\n<meta property=\"og:title\" content=\"Casas de Monta\u00f1a - Arbolar hospedaje en Villa La Angostura\" \/>\n<meta property=\"og:description\" content=\"Villa La Angostura, Alquiler, Alojamiento, Caba\u00f1as, Casas, Departamentos, Alquiler Temporario, Apart hotel, Las Balsas, Cerro Bayo\" \/>\n<meta property=\"og:url\" content=\"https:\/\/arbolarweb.com.ar\/web\/lofts-pt\/\" \/>\n<meta property=\"og:site_name\" content=\"Arbolar Casas de Monta\u00f1a Villa La Angostura Patagonia Argentina\" \/>\n<meta property=\"article:publisher\" content=\"https:\/\/www.facebook.com\/arbolarcasas\/\" \/>\n<meta property=\"article:modified_time\" content=\"2023-11-03T12:47:05+00:00\" \/>\n<meta name=\"twitter:card\" content=\"summary_large_image\" \/>\n<meta name=\"twitter:label1\" content=\"Tiempo de lectura\" \/>\n\t<meta name=\"twitter:data1\" content=\"1 minuto\" \/>\n<script type=\"application\/ld+json\" class=\"yoast-schema-graph\">{\"@context\":\"https:\/\/schema.org\",\"@graph\":[{\"@type\":\"WebPage\",\"@id\":\"https:\/\/arbolarweb.com.ar\/web\/lofts-pt\/\",\"url\":\"https:\/\/arbolarweb.com.ar\/web\/lofts-pt\/\",\"name\":\"Casas de Monta\u00f1a - Arbolar hospedaje en Villa La Angostura\",\"isPartOf\":{\"@id\":\"https:\/\/arbolarweb.com.ar\/web\/#website\"},\"datePublished\":\"2023-10-31T15:53:25+00:00\",\"dateModified\":\"2023-11-03T12:47:05+00:00\",\"description\":\"Villa La Angostura, Alquiler, Alojamiento, Caba\u00f1as, Casas, Departamentos, Alquiler Temporario, Apart hotel, Las Balsas, Cerro Bayo\",\"breadcrumb\":{\"@id\":\"https:\/\/arbolarweb.com.ar\/web\/lofts-pt\/#breadcrumb\"},\"inLanguage\":\"es\",\"potentialAction\":[{\"@type\":\"ReadAction\",\"target\":[\"https:\/\/arbolarweb.com.ar\/web\/lofts-pt\/\"]}]},{\"@type\":\"BreadcrumbList\",\"@id\":\"https:\/\/arbolarweb.com.ar\/web\/lofts-pt\/#breadcrumb\",\"itemListElement\":[{\"@type\":\"ListItem\",\"position\":1,\"name\":\"Portada\",\"item\":\"https:\/\/arbolarweb.com.ar\/web\/\"},{\"@type\":\"ListItem\",\"position\":2,\"name\":\"Lofts pt\"}]},{\"@type\":\"WebSite\",\"@id\":\"https:\/\/arbolarweb.com.ar\/web\/#website\",\"url\":\"https:\/\/arbolarweb.com.ar\/web\/\",\"name\":\"Arbolar Casas de Monta\u00f1a Villa La Angostura Patagonia Argentina\",\"description\":\"Hospedaje en Villa La Angostura\",\"potentialAction\":[{\"@type\":\"SearchAction\",\"target\":{\"@type\":\"EntryPoint\",\"urlTemplate\":\"https:\/\/arbolarweb.com.ar\/web\/?s={search_term_string}\"},\"query-input\":{\"@type\":\"PropertyValueSpecification\",\"valueRequired\":true,\"valueName\":\"search_term_string\"}}],\"inLanguage\":\"es\"}]}<\/script>\n<!-- \/ Yoast SEO plugin. -->","yoast_head_json":{"title":"Casas de Monta\u00f1a - Arbolar hospedaje en Villa La Angostura","description":"Villa La Angostura, Alquiler, Alojamiento, Caba\u00f1as, Casas, Departamentos, Alquiler Temporario, Apart hotel, Las Balsas, Cerro Bayo","robots":{"index":"index","follow":"follow","max-snippet":"max-snippet:-1","max-image-preview":"max-image-preview:large","max-video-preview":"max-video-preview:-1"},"canonical":"https:\/\/arbolarweb.com.ar\/web\/lofts-pt\/","og_locale":"es_ES","og_type":"article","og_title":"Casas de Monta\u00f1a - Arbolar hospedaje en Villa La Angostura","og_description":"Villa La Angostura, Alquiler, Alojamiento, Caba\u00f1as, Casas, Departamentos, Alquiler Temporario, Apart hotel, Las Balsas, Cerro Bayo","og_url":"https:\/\/arbolarweb.com.ar\/web\/lofts-pt\/","og_site_name":"Arbolar Casas de Monta\u00f1a Villa La Angostura Patagonia Argentina","article_publisher":"https:\/\/www.facebook.com\/arbolarcasas\/","article_modified_time":"2023-11-03T12:47:05+00:00","twitter_card":"summary_large_image","twitter_misc":{"Tiempo de lectura":"1 minuto"},"schema":{"@context":"https:\/\/schema.org","@graph":[{"@type":"WebPage","@id":"https:\/\/arbolarweb.com.ar\/web\/lofts-pt\/","url":"https:\/\/arbolarweb.com.ar\/web\/lofts-pt\/","name":"Casas de Monta\u00f1a - Arbolar hospedaje en Villa La Angostura","isPartOf":{"@id":"https:\/\/arbolarweb.com.ar\/web\/#website"},"datePublished":"2023-10-31T15:53:25+00:00","dateModified":"2023-11-03T12:47:05+00:00","description":"Villa La Angostura, Alquiler, Alojamiento, Caba\u00f1as, Casas, Departamentos, Alquiler Temporario, Apart hotel, Las Balsas, Cerro Bayo","breadcrumb":{"@id":"https:\/\/arbolarweb.com.ar\/web\/lofts-pt\/#breadcrumb"},"inLanguage":"es","potentialAction":[{"@type":"ReadAction","target":["https:\/\/arbolarweb.com.ar\/web\/lofts-pt\/"]}]},{"@type":"BreadcrumbList","@id":"https:\/\/arbolarweb.com.ar\/web\/lofts-pt\/#breadcrumb","itemListElement":[{"@type":"ListItem","position":1,"name":"Portada","item":"https:\/\/arbolarweb.com.ar\/web\/"},{"@type":"ListItem","position":2,"name":"Lofts pt"}]},{"@type":"WebSite","@id":"https:\/\/arbolarweb.com.ar\/web\/#website","url":"https:\/\/arbolarweb.com.ar\/web\/","name":"Arbolar Casas de Monta\u00f1a Villa La Angostura Patagonia Argentina","description":"Hospedaje en Villa La Angostura","potentialAction":[{"@type":"SearchAction","target":{"@type":"EntryPoint","urlTemplate":"https:\/\/arbolarweb.com.ar\/web\/?s={search_term_string}"},"query-input":{"@type":"PropertyValueSpecification","valueRequired":true,"valueName":"search_term_string"}}],"inLanguage":"es"}]}},"_links":{"self":[{"href":"https:\/\/arbolarweb.com.ar\/web\/wp-json\/wp\/v2\/pages\/12441","targetHints":{"allow":["GET"]}}],"collection":[{"href":"https:\/\/arbolarweb.com.ar\/web\/wp-json\/wp\/v2\/pages"}],"about":[{"href":"https:\/\/arbolarweb.com.ar\/web\/wp-json\/wp\/v2\/types\/page"}],"author":[{"embeddable":true,"href":"https:\/\/arbolarweb.com.ar\/web\/wp-json\/wp\/v2\/users\/4"}],"replies":[{"embeddable":true,"href":"https:\/\/arbolarweb.com.ar\/web\/wp-json\/wp\/v2\/comments?post=12441"}],"version-history":[{"count":9,"href":"https:\/\/arbolarweb.com.ar\/web\/wp-json\/wp\/v2\/pages\/12441\/revisions"}],"predecessor-version":[{"id":12522,"href":"https:\/\/arbolarweb.com.ar\/web\/wp-json\/wp\/v2\/pages\/12441\/revisions\/12522"}],"wp:attachment":[{"href":"https:\/\/arbolarweb.com.ar\/web\/wp-json\/wp\/v2\/media?parent=12441"}],"curies":[{"name":"wp","href":"https:\/\/api.w.org\/{rel}","templated":true}]}}