{"id":13091,"date":"2024-04-17T21:53:22","date_gmt":"2024-04-18T00:53:22","guid":{"rendered":"https:\/\/arbolarweb.com.ar\/web\/?page_id=13091"},"modified":"2024-04-17T22:28:58","modified_gmt":"2024-04-18T01:28:58","slug":"home-es","status":"publish","type":"page","link":"https:\/\/arbolarweb.com.ar\/web\/","title":{"rendered":"Home ES"},"content":{"rendered":"<p>[vc_row gap=\u00bb15&#8243; equal_height=\u00bbyes\u00bb css_animation=\u00bbnone\u00bb bg_type=\u00bbbg_color\u00bb css=\u00bb.vc_custom_1564435794374{margin-top: -20% !important;margin-bottom: 5% !important;padding-top: 2% !important;padding-right: 3% !important;padding-left: 3% !important;background-color: #ffffff !important;}\u00bb bg_color_value=\u00bb#ffffff\u00bb][vc_column css_animation=\u00bbnone\u00bb width=\u00bb1\/3&#8243; el_align=\u00bbcenter\u00bb offset=\u00bbvc_col-lg-offset-0&#8243; css=\u00bb.vc_custom_1543494935634{padding-right: 0px !important;padding-left: 0px !important;background-color: #dae4df !important;}\u00bb][vc_hoverbox image=\u00bb9818&#8243; primary_title=\u00bb\u00bb primary_title_font_container=\u00bbfont_size:22&#8243; primary_title_google_fonts=\u00bbfont_family:Roboto%3A100%2C100italic%2C300%2C300italic%2Cregular%2Citalic%2C500%2C500italic%2C700%2C700italic%2C900%2C900italic|font_style:300%20light%20regular%3A300%3Anormal\u00bb hover_title=\u00bb\u00bb shape=\u00bbsquare\u00bb hover_background_color=\u00bbcustom\u00bb use_custom_fonts_primary_title=\u00bbtrue\u00bb primary_title_link=\u00bburl:https%3A%2F%2Farbolarweb.com.ar%2Fweb%2Fcasas-de-montana%2F|title:Casas%20de%20Monta%C3%B1a||\u00bb hover_custom_background=\u00bb#859b8f\u00bb]<\/p>\n<p style=\"text-align: center;\"><a href=\"\/web\/en\/mountain-homes\/\"><img loading=\"lazy\" decoding=\"async\" class=\"aligncenter wp-image-9833 size-full\" src=\"http:\/\/arbolarweb.com.ar\/web\/wp-content\/uploads\/2019\/04\/Final-Casa5-6-e1558462957441-1.jpg\" alt=\"\" width=\"1809\" height=\"913\" srcset=\"https:\/\/arbolarweb.com.ar\/web\/wp-content\/uploads\/2019\/04\/Final-Casa5-6-e1558462957441-1.jpg 1809w, https:\/\/arbolarweb.com.ar\/web\/wp-content\/uploads\/2019\/04\/Final-Casa5-6-e1558462957441-1-300x151.jpg 300w, https:\/\/arbolarweb.com.ar\/web\/wp-content\/uploads\/2019\/04\/Final-Casa5-6-e1558462957441-1-768x388.jpg 768w, https:\/\/arbolarweb.com.ar\/web\/wp-content\/uploads\/2019\/04\/Final-Casa5-6-e1558462957441-1-1024x517.jpg 1024w\" sizes=\"auto, (max-width: 1809px) 100vw, 1809px\" \/><\/a><br \/>\n<a style=\"color: #ffffff;\" href=\"https:\/\/arbolarweb.com.ar\/web\/casas-de-montana\/\">Ver m\u00e1s<\/a><\/p>\n<p>[\/vc_hoverbox][vc_custom_heading text=\u00bbCasas de Monta\u00f1a\u00bb font_container=\u00bbtag:h2|font_size:25|text_align:center\u00bb google_fonts=\u00bbfont_family:Roboto%3A100%2C100italic%2C300%2C300italic%2Cregular%2Citalic%2C500%2C500italic%2C700%2C700italic%2C900%2C900italic|font_style:300%20light%20regular%3A300%3Anormal\u00bb css_animation=\u00bbnone\u00bb link=\u00bburl:https%3A%2F%2Farbolarweb.com.ar%2Fweb%2Fcasas-de-montana%2F|title:Casas%20de%20Monta%C3%B1a||\u00bb css=\u00bb.vc_custom_1713403498199{padding-top: 25px !important;padding-bottom: 7px !important;}\u00bb][vc_column_text css_animation=\u00bbnone\u00bb css=\u00bb.vc_custom_1713402814621{padding-right: 25px !important;padding-left: 25px !important;}\u00bb]<\/p>\n<p style=\"text-align: center;\">10 casas de monta\u00f1a totalmente equipadas, dise\u00f1adas para disfrutar plenamente del entorno natural. Capacidad para 6 a 8 personas.<\/p>\n<p>[\/vc_column_text][\/vc_column][vc_column width=\u00bb1\/3&#8243; css=\u00bb.vc_custom_1543501030095{padding-right: 0px !important;padding-left: 0px !important;background-color: #dae4df !important;}\u00bb][vc_hoverbox image=\u00bb9870&#8243; primary_title=\u00bb\u00bb primary_title_font_container=\u00bbfont_size:22&#8243; primary_title_google_fonts=\u00bbfont_family:Roboto%3A100%2C100italic%2C300%2C300italic%2Cregular%2Citalic%2C500%2C500italic%2C700%2C700italic%2C900%2C900italic|font_style:300%20light%20regular%3A300%3Anormal\u00bb hover_title=\u00bb\u00bb shape=\u00bbsquare\u00bb hover_background_color=\u00bbcustom\u00bb use_custom_fonts_primary_title=\u00bbtrue\u00bb primary_title_link=\u00bburl:https%3A%2F%2Farbolarweb.com.ar%2Fweb%2Fapart-hotel%2F|title:Apart%20Hotel||\u00bb hover_custom_background=\u00bb#859b8f\u00bb]<\/p>\n<p style=\"text-align: center;\"><span style=\"color: #ffffff;\"><a href=\"\/web\/en\/apartment\/\"><img loading=\"lazy\" decoding=\"async\" class=\"alignnone wp-image-9873 size-full\" src=\"http:\/\/arbolarweb.com.ar\/web\/wp-content\/uploads\/2019\/04\/Final-Apart1a7-4-e1558463529137-1.jpeg\" alt=\"\" width=\"1857\" height=\"933\" srcset=\"https:\/\/arbolarweb.com.ar\/web\/wp-content\/uploads\/2019\/04\/Final-Apart1a7-4-e1558463529137-1.jpeg 1857w, https:\/\/arbolarweb.com.ar\/web\/wp-content\/uploads\/2019\/04\/Final-Apart1a7-4-e1558463529137-1-300x151.jpeg 300w, https:\/\/arbolarweb.com.ar\/web\/wp-content\/uploads\/2019\/04\/Final-Apart1a7-4-e1558463529137-1-768x386.jpeg 768w, https:\/\/arbolarweb.com.ar\/web\/wp-content\/uploads\/2019\/04\/Final-Apart1a7-4-e1558463529137-1-1024x514.jpeg 1024w\" sizes=\"auto, (max-width: 1857px) 100vw, 1857px\" \/><\/a><\/span><span style=\"color: #ffffff;\"><a style=\"color: #ffffff;\" href=\"https:\/\/arbolarweb.com.ar\/web\/apart-hotel\/\">Ver m\u00e1s<\/a><\/span><\/p>\n<p>[\/vc_hoverbox][vc_custom_heading text=\u00bbApart Hotel\u00bb font_container=\u00bbtag:h2|font_size:25|text_align:center\u00bb google_fonts=\u00bbfont_family:Roboto%3A100%2C100italic%2C300%2C300italic%2Cregular%2Citalic%2C500%2C500italic%2C700%2C700italic%2C900%2C900italic|font_style:300%20light%20regular%3A300%3Anormal\u00bb css_animation=\u00bbnone\u00bb link=\u00bburl:%2Fweb%2Fen%2Fapartment%2F|title:Apart%20Hotel||\u00bb css=\u00bb.vc_custom_1567762710463{padding-top: 25px !important;padding-bottom: 7px !important;}\u00bb][vc_column_text css_animation=\u00bbnone\u00bb css=\u00bb.vc_custom_1713402785880{padding-right: 15px !important;padding-left: 15px !important;}\u00bb]<\/p>\n<p style=\"text-align: center;\"><span style=\"color: #808080;\">8 Unidades con para alojar hasta 4 personas.<br \/>\nDeck con parrilla y estacionamiento propio.<\/span>[\/vc_column_text][\/vc_column][vc_column width=\u00bb1\/3&#8243; css=\u00bb.vc_custom_1544325111313{padding-right: 0px !important;padding-left: 0px !important;background-color: #dae4df !important;}\u00bb][vc_hoverbox image=\u00bb8907&#8243; primary_title=\u00bb\u00bb primary_title_font_container=\u00bbfont_size:22&#8243; primary_title_google_fonts=\u00bbfont_family:Roboto%3A100%2C100italic%2C300%2C300italic%2Cregular%2Citalic%2C500%2C500italic%2C700%2C700italic%2C900%2C900italic|font_style:300%20light%20regular%3A300%3Anormal\u00bb hover_title=\u00bb\u00bb shape=\u00bbsquare\u00bb hover_background_color=\u00bbcustom\u00bb use_custom_fonts_primary_title=\u00bbtrue\u00bb primary_title_link=\u00bburl:https%3A%2F%2Farbolarweb.com.ar%2Fweb%2Fclub-house-y-servicios%2F|title:Club%20House%20y%20Servicios||\u00bb hover_custom_background=\u00bb#859b8f\u00bb]<\/p>\n<p style=\"text-align: center;\"><span style=\"color: #ffffff;\"><a href=\"http:\/\/arbolarweb.com.ar\/web\/club-house-services\/\"><img loading=\"lazy\" decoding=\"async\" class=\"aligncenter wp-image-9758 size-full\" src=\"http:\/\/arbolarweb.com.ar\/web\/wp-content\/uploads\/2019\/04\/Final-Club-2-1.jpeg\" alt=\"\" width=\"1920\" height=\"960\" srcset=\"https:\/\/arbolarweb.com.ar\/web\/wp-content\/uploads\/2019\/04\/Final-Club-2-1.jpeg 1920w, https:\/\/arbolarweb.com.ar\/web\/wp-content\/uploads\/2019\/04\/Final-Club-2-1-300x150.jpeg 300w, https:\/\/arbolarweb.com.ar\/web\/wp-content\/uploads\/2019\/04\/Final-Club-2-1-768x384.jpeg 768w, https:\/\/arbolarweb.com.ar\/web\/wp-content\/uploads\/2019\/04\/Final-Club-2-1-1024x512.jpeg 1024w\" sizes=\"auto, (max-width: 1920px) 100vw, 1920px\" \/><\/a><a style=\"color: #ffffff;\" href=\"https:\/\/arbolarweb.com.ar\/web\/club-house-y-servicios\/\">Ver m\u00e1s<\/a><\/span><\/p>\n<p>[\/vc_hoverbox][vc_custom_heading text=\u00bbClub House &#038; Servicios\u00bb font_container=\u00bbtag:h2|font_size:25|text_align:center\u00bb google_fonts=\u00bbfont_family:Roboto%3A100%2C100italic%2C300%2C300italic%2Cregular%2Citalic%2C500%2C500italic%2C700%2C700italic%2C900%2C900italic|font_style:300%20light%20regular%3A300%3Anormal\u00bb link=\u00bburl:https%3A%2F%2Farbolarweb.com.ar%2Fweb%2Fclub-house-y-servicios%2F|title:Club%20house%20%26%20servicios||\u00bb css=\u00bb.vc_custom_1713403680985{padding-top: 25px !important;padding-bottom: 7px !important;}\u00bb][vc_column_text css_animation=\u00bbnone\u00bb css=\u00bb.vc_custom_1713402852496{padding-right: 15px !important;padding-left: 15px !important;}\u00bb]<\/p>\n<p style=\"text-align: center;\"><span style=\"color: #808080;\">Amplio parque con \u00e1reas de recreaci\u00f3n, juegos para ni\u00f1os, casa club con piscina climatizada in\/out, gimnasio y sal\u00f3n de juegos.<\/span><\/p>\n<p>[\/vc_column_text][\/vc_column][\/vc_row][vc_row full_width=\u00bbdefault_no_spaces\u00bb content_placement=\u00bbtop\u00bb css_animation=\u00bbfadeInUp\u00bb bg_type=\u00bbbg_color\u00bb css=\u00bb.vc_custom_1544912880759{margin-top: 45px !important;padding-top: 10px !important;padding-bottom: 10px !important;background-color: #ffffff !important;background-position: 0 0 !important;background-repeat: no-repeat !important;}\u00bb bg_color_value=\u00bb#ffffff\u00bb][vc_column][vc_custom_heading text=\u00bbBienvenidos a Arbolar\u00bb font_container=\u00bbtag:h2|font_size:35|text_align:center\u00bb google_fonts=\u00bbfont_family:Roboto%3A100%2C100italic%2C300%2C300italic%2Cregular%2Citalic%2C500%2C500italic%2C700%2C700italic%2C900%2C900italic|font_style:100%20light%20regular%3A100%3Anormal\u00bb][vc_separator][vc_column_text]<\/p>\n<p style=\"text-align: center;\">Te invitamos a disfrutar del encanto de Villa La Angostura, sus monta\u00f1as, lagos y bosques.<br \/>\nNuestras casas destacan por su amplitud, privacidad y comodidad, rodeadas de bosques y con una incre\u00edble vista al Cerro Bayo.<br \/>\nTambi\u00e9n contamos con un c\u00f3modo Apart Hotel y un Club House con piscina climatizada in\/out, juegos para ni\u00f1os y gimnasio con vista al arroyo de monta\u00f1a.[\/vc_column_text][\/vc_column][\/vc_row][vc_row full_width=\u00bbdefault_no_spaces\u00bb content_placement=\u00bbtop\u00bb css_animation=\u00bbfadeInUp\u00bb bg_type=\u00bbbg_color\u00bb css=\u00bb.vc_custom_1544912908697{margin-top: 45px !important;padding-top: 10px !important;padding-bottom: 10px !important;background-color: #dae4df !important;background-position: 0 0 !important;background-repeat: no-repeat !important;}\u00bb bg_color_value=\u00bb#ffffff\u00bb][vc_column][vc_custom_heading text=\u00bbNuestros servicios\u00bb font_container=\u00bbtag:h2|font_size:35|text_align:center\u00bb google_fonts=\u00bbfont_family:Roboto%3A100%2C100italic%2C300%2C300italic%2Cregular%2Citalic%2C500%2C500italic%2C700%2C700italic%2C900%2C900italic|font_style:100%20light%20regular%3A100%3Anormal\u00bb][vc_separator]<div id=\"ult-carousel-100815246669d1f818b2f7c\" class=\"ult-carousel-wrapper   ult_horizontal\" data-gutter=\"15\" data-rtl=\"false\" ><div class=\"ult-carousel-41736813369d1f818b2db7 \" >[vc_single_image image=\u00bb11002&#8243;][vc_single_image image=\u00bb10963&#8243;][vc_single_image image=\u00bb9702&#8243;][vc_single_image image=\u00bb10965&#8243;][vc_single_image image=\u00bb9704&#8243;][vc_single_image image=\u00bb9705&#8243;][vc_single_image image=\u00bb9707&#8243;][vc_single_image image=\u00bb9708&#8243;][vc_single_image image=\u00bb9709&#8243;][vc_single_image image=\u00bb10115&#8243;][vc_single_image image=\u00bb9710&#8243;][vc_single_image image=\u00bb9711&#8243;][vc_single_image image=\u00bb9712&#8243;][vc_single_image image=\u00bb9713&#8243;][vc_single_image image=\u00bb9714&#8243;][vc_single_image image=\u00bb10977&#8243;][vc_single_image image=\u00bb10978&#8243;]<\/div><\/div>\t\t\t<script type=\"text\/javascript\">\r\n\t\t\t\tjQuery(document).ready(function ($) {\r\n\t\t\t\t\tif( typeof jQuery('.ult-carousel-41736813369d1f818b2db7').slick == \"function\"){\r\n\t\t\t\t\t\t$('.ult-carousel-41736813369d1f818b2db7').slick({dots: false,autoplay: true,autoplaySpeed: 3000,speed: 300,infinite: true,arrows: true,nextArrow: '<button type=\"button\" role=\"button\" aria-label=\"Next\" style=\"color:#333333; font-size:20px;\" class=\"slick-next default\"><i class=\"ultsl-arrow-right4\"><\/i><\/button>',prevArrow: '<button type=\"button\" role=\"button\" aria-label=\"Previous\" style=\"color:#333333; font-size:20px;\" class=\"slick-prev default\"><i class=\"ultsl-arrow-left4\"><\/i><\/button>',slidesToScroll:5,slidesToShow:5,swipe: true,draggable: true,touchMove: true,pauseOnHover: true,pauseOnFocus: false,responsive: [\r\n\t\t\t\t\t\t\t{\r\n\t\t\t\t\t\t\t  breakpoint: 1025,\r\n\t\t\t\t\t\t\t  settings: {\r\n\t\t\t\t\t\t\t\tslidesToShow: 5,\r\n\t\t\t\t\t\t\t\tslidesToScroll: 5,  \r\n\t\t\t\t\t\t\t  }\r\n\t\t\t\t\t\t\t},\r\n\t\t\t\t\t\t\t{\r\n\t\t\t\t\t\t\t  breakpoint: 769,\r\n\t\t\t\t\t\t\t  settings: {\r\n\t\t\t\t\t\t\t\tslidesToShow: 3,\r\n\t\t\t\t\t\t\t\tslidesToScroll: 3\r\n\t\t\t\t\t\t\t  }\r\n\t\t\t\t\t\t\t},\r\n\t\t\t\t\t\t\t{\r\n\t\t\t\t\t\t\t  breakpoint: 481,\r\n\t\t\t\t\t\t\t  settings: {\r\n\t\t\t\t\t\t\t\tslidesToShow: 2,\r\n\t\t\t\t\t\t\t\tslidesToScroll: 2\r\n\t\t\t\t\t\t\t  }\r\n\t\t\t\t\t\t\t}\r\n\t\t\t\t\t\t],pauseOnDotsHover: true,customPaging: function(slider, i) {\r\n                   return '<i type=\"button\" style= \"color:#333333;\" class=\"ultsl-record\" data-role=\"none\"><\/i>';\r\n                },});\r\n\t\t\t\t\t}\r\n\t\t\t\t});\r\n\t\t\t<\/script>\r\n\t\t\t[\/vc_column][\/vc_row][vc_row full_width=\u00bbdefault_no_spaces\u00bb bg_type=\u00bbbg_color\u00bb css=\u00bb.vc_custom_1544912932144{margin-top: 45px !important;padding-top: 10px !important;padding-bottom: 10px !important;}\u00bb bg_color_value=\u00bb#ffffff\u00bb][vc_column][vc_separator][\/vc_column][\/vc_row][vc_row full_width=\u00bbstretch_row_content_no_spaces\u00bb css_animation=\u00bbfadeInUp\u00bb css=\u00bb.vc_custom_1544463482568{margin-top: 45px !important;}\u00bb][vc_column][vc_custom_heading text=\u00bbUbicaci\u00f3n\u00bb font_container=\u00bbtag:h2|font_size:35|text_align:center\u00bb google_fonts=\u00bbfont_family:Roboto%3A100%2C100italic%2C300%2C300italic%2Cregular%2Citalic%2C500%2C500italic%2C700%2C700italic%2C900%2C900italic|font_style:100%20light%20regular%3A100%3Anormal\u00bb][vc_separator][vc_gmaps link=\u00bb#E-8_JTNDaWZyYW1lJTIwc3JjJTNEJTIyaHR0cHMlM0ElMkYlMkZ3d3cuZ29vZ2xlLmNvbSUyRm1hcHMlMkZlbWJlZCUzRnBiJTNEJTIxMW0xOCUyMTFtMTIlMjExbTMlMjExZDEyMDk2LjkzNTQwNTYyNTY5NCUyMTJkLTcxLjY0NTAzNjU3NDcwNzUzJTIxM2QtNDAuNzY4NTYzMTc3ODkwNDQlMjEybTMlMjExZjAlMjEyZjAlMjEzZjAlMjEzbTIlMjExaTEwMjQlMjEyaTc2OCUyMTRmMTMuMSUyMTNtMyUyMTFtMiUyMTFzMHgwJTI1M0EweDAlMjEyek5ERENzRFEySnpJeExqWWlVeUEzTWNLd016Y25NamN1TkNKWCUyMTVlMCUyMTNtMiUyMTFzZXMlMjEyc3VzJTIxNHYxNTQ0NzM3MzI2NTU0JTIyJTIwd2lkdGglM0QlMjI2MDAlMjIlMjBoZWlnaHQlM0QlMjI0NTAlMjIlMjBmcmFtZWJvcmRlciUzRCUyMjAlMjIlMjBzdHlsZSUzRCUyMmJvcmRlciUzQTAlMjIlMjBhbGxvd2Z1bGxzY3JlZW4lM0UlM0MlMkZpZnJhbWUlM0U=\u00bb css_animation=\u00bbflipInX\u00bb][\/vc_column][\/vc_row][vc_row][vc_column][vc_column_text]<\/p>\n<div class=\"brz-root__container\"><\/div>\n<p>[\/vc_column_text][\/vc_column][\/vc_row]<\/p>\n","protected":false},"excerpt":{"rendered":"<p>[vc_row gap=\u00bb15&#8243; equal_height=\u00bbyes\u00bb css_animation=\u00bbnone\u00bb bg_type=\u00bbbg_color\u00bb css=\u00bb.vc_custom_1564435794374{margin-top: -20% !important;margin-bottom: 5% !important;padding-top: 2% !important;padding-right: 3% !important;padding-left: 3% !important;background-color: #ffffff !important;}\u00bb bg_color_value=\u00bb#ffffff\u00bb][vc_column css_animation=\u00bbnone\u00bb width=\u00bb1\/3&#8243; el_align=\u00bbcenter\u00bb offset=\u00bbvc_col-lg-offset-0&#8243; css=\u00bb.vc_custom_1543494935634{padding-right: 0px !important;padding-left: 0px !important;background-color: #dae4df !important;}\u00bb][vc_hoverbox image=\u00bb9818&#8243; primary_title=\u00bb\u00bb primary_title_font_container=\u00bbfont_size:22&#8243; primary_title_google_fonts=\u00bbfont_family:Roboto%3A100%2C100italic%2C300%2C300italic%2Cregular%2Citalic%2C500%2C500italic%2C700%2C700italic%2C900%2C900italic|font_style:300%20light%20regular%3A300%3Anormal\u00bb hover_title=\u00bb\u00bb shape=\u00bbsquare\u00bb hover_background_color=\u00bbcustom\u00bb use_custom_fonts_primary_title=\u00bbtrue\u00bb primary_title_link=\u00bburl:https%3A%2F%2Farbolarweb.com.ar%2Fweb%2Fcasas-de-montana%2F|title:Casas%20de%20Monta%C3%B1a||\u00bb hover_custom_background=\u00bb#859b8f\u00bb] Ver m\u00e1s [\/vc_hoverbox][vc_custom_heading text=\u00bbCasas de Monta\u00f1a\u00bb font_container=\u00bbtag:h2|font_size:25|text_align:center\u00bb google_fonts=\u00bbfont_family:Roboto%3A100%2C100italic%2C300%2C300italic%2Cregular%2Citalic%2C500%2C500italic%2C700%2C700italic%2C900%2C900italic|font_style:300%20light%20regular%3A300%3Anormal\u00bb css_animation=\u00bbnone\u00bb link=\u00bburl:https%3A%2F%2Farbolarweb.com.ar%2Fweb%2Fcasas-de-montana%2F|title:Casas%20de%20Monta%C3%B1a||\u00bb css=\u00bb.vc_custom_1713403498199{padding-top: 25px !important;padding-bottom: 7px !important;}\u00bb][vc_column_text [&hellip;]<\/p>\n","protected":false},"author":4,"featured_media":0,"parent":0,"menu_order":0,"comment_status":"closed","ping_status":"closed","template":"brizy-blank-template.php","meta":{"footnotes":""},"class_list":["post-13091","page","type-page","status-publish","hentry"],"yoast_head":"<!-- This site is optimized with the Yoast SEO plugin v25.5 - https:\/\/yoast.com\/wordpress\/plugins\/seo\/ -->\n<title>Arbolar - Casas de Monta\u00f1a - arbolarweb.com.ar<\/title>\n<meta name=\"description\" content=\"Alquiler de casas y apart hotel en Villa La Angostura\" \/>\n<meta name=\"robots\" content=\"index, follow, max-snippet:-1, max-image-preview:large, max-video-preview:-1\" \/>\n<link rel=\"canonical\" href=\"https:\/\/arbolarweb.com.ar\/web\/\" \/>\n<meta property=\"og:locale\" content=\"es_ES\" \/>\n<meta property=\"og:type\" content=\"article\" \/>\n<meta property=\"og:title\" content=\"Arbolar - Casas de Monta\u00f1a - arbolarweb.com.ar\" \/>\n<meta property=\"og:description\" content=\"Alquiler de casas y apart hotel en Villa La Angostura\" \/>\n<meta property=\"og:url\" content=\"https:\/\/arbolarweb.com.ar\/web\/\" \/>\n<meta property=\"og:site_name\" content=\"Arbolar Casas de Monta\u00f1a Villa La Angostura Patagonia Argentina\" \/>\n<meta property=\"article:publisher\" content=\"https:\/\/www.facebook.com\/arbolarcasas\/\" \/>\n<meta property=\"article:modified_time\" content=\"2024-04-18T01:28:58+00:00\" \/>\n<meta property=\"og:image\" content=\"http:\/\/arbolarweb.com.ar\/web\/wp-content\/uploads\/2019\/04\/Final-Casa5-6-e1558462957441-1.jpg\" \/>\n<meta name=\"twitter:card\" content=\"summary_large_image\" \/>\n<meta name=\"twitter:label1\" content=\"Tiempo de lectura\" \/>\n\t<meta name=\"twitter:data1\" content=\"3 minutos\" \/>\n<script type=\"application\/ld+json\" class=\"yoast-schema-graph\">{\"@context\":\"https:\/\/schema.org\",\"@graph\":[{\"@type\":\"WebPage\",\"@id\":\"https:\/\/arbolarweb.com.ar\/web\/\",\"url\":\"https:\/\/arbolarweb.com.ar\/web\/\",\"name\":\"Arbolar - Casas de Monta\u00f1a - arbolarweb.com.ar\",\"isPartOf\":{\"@id\":\"https:\/\/arbolarweb.com.ar\/web\/#website\"},\"primaryImageOfPage\":{\"@id\":\"https:\/\/arbolarweb.com.ar\/web\/#primaryimage\"},\"image\":{\"@id\":\"https:\/\/arbolarweb.com.ar\/web\/#primaryimage\"},\"thumbnailUrl\":\"http:\/\/arbolarweb.com.ar\/web\/wp-content\/uploads\/2019\/04\/Final-Casa5-6-e1558462957441-1.jpg\",\"datePublished\":\"2024-04-18T00:53:22+00:00\",\"dateModified\":\"2024-04-18T01:28:58+00:00\",\"description\":\"Alquiler de casas y apart hotel en Villa La Angostura\",\"breadcrumb\":{\"@id\":\"https:\/\/arbolarweb.com.ar\/web\/#breadcrumb\"},\"inLanguage\":\"es\",\"potentialAction\":[{\"@type\":\"ReadAction\",\"target\":[\"https:\/\/arbolarweb.com.ar\/web\/\"]}]},{\"@type\":\"ImageObject\",\"inLanguage\":\"es\",\"@id\":\"https:\/\/arbolarweb.com.ar\/web\/#primaryimage\",\"url\":\"http:\/\/arbolarweb.com.ar\/web\/wp-content\/uploads\/2019\/04\/Final-Casa5-6-e1558462957441-1.jpg\",\"contentUrl\":\"http:\/\/arbolarweb.com.ar\/web\/wp-content\/uploads\/2019\/04\/Final-Casa5-6-e1558462957441-1.jpg\"},{\"@type\":\"BreadcrumbList\",\"@id\":\"https:\/\/arbolarweb.com.ar\/web\/#breadcrumb\",\"itemListElement\":[{\"@type\":\"ListItem\",\"position\":1,\"name\":\"Portada\",\"item\":\"https:\/\/arbolarweb.com.ar\/web\/\"},{\"@type\":\"ListItem\",\"position\":2,\"name\":\"Home ES\"}]},{\"@type\":\"WebSite\",\"@id\":\"https:\/\/arbolarweb.com.ar\/web\/#website\",\"url\":\"https:\/\/arbolarweb.com.ar\/web\/\",\"name\":\"Arbolar Casas de Monta\u00f1a Villa La Angostura Patagonia Argentina\",\"description\":\"Hospedaje en Villa La Angostura\",\"potentialAction\":[{\"@type\":\"SearchAction\",\"target\":{\"@type\":\"EntryPoint\",\"urlTemplate\":\"https:\/\/arbolarweb.com.ar\/web\/?s={search_term_string}\"},\"query-input\":{\"@type\":\"PropertyValueSpecification\",\"valueRequired\":true,\"valueName\":\"search_term_string\"}}],\"inLanguage\":\"es\"}]}<\/script>\n<!-- \/ Yoast SEO plugin. -->","yoast_head_json":{"title":"Arbolar - Casas de Monta\u00f1a - arbolarweb.com.ar","description":"Alquiler de casas y apart hotel en Villa La Angostura","robots":{"index":"index","follow":"follow","max-snippet":"max-snippet:-1","max-image-preview":"max-image-preview:large","max-video-preview":"max-video-preview:-1"},"canonical":"https:\/\/arbolarweb.com.ar\/web\/","og_locale":"es_ES","og_type":"article","og_title":"Arbolar - Casas de Monta\u00f1a - arbolarweb.com.ar","og_description":"Alquiler de casas y apart hotel en Villa La Angostura","og_url":"https:\/\/arbolarweb.com.ar\/web\/","og_site_name":"Arbolar Casas de Monta\u00f1a Villa La Angostura Patagonia Argentina","article_publisher":"https:\/\/www.facebook.com\/arbolarcasas\/","article_modified_time":"2024-04-18T01:28:58+00:00","og_image":[{"url":"http:\/\/arbolarweb.com.ar\/web\/wp-content\/uploads\/2019\/04\/Final-Casa5-6-e1558462957441-1.jpg","type":"","width":"","height":""}],"twitter_card":"summary_large_image","twitter_misc":{"Tiempo de lectura":"3 minutos"},"schema":{"@context":"https:\/\/schema.org","@graph":[{"@type":"WebPage","@id":"https:\/\/arbolarweb.com.ar\/web\/","url":"https:\/\/arbolarweb.com.ar\/web\/","name":"Arbolar - Casas de Monta\u00f1a - arbolarweb.com.ar","isPartOf":{"@id":"https:\/\/arbolarweb.com.ar\/web\/#website"},"primaryImageOfPage":{"@id":"https:\/\/arbolarweb.com.ar\/web\/#primaryimage"},"image":{"@id":"https:\/\/arbolarweb.com.ar\/web\/#primaryimage"},"thumbnailUrl":"http:\/\/arbolarweb.com.ar\/web\/wp-content\/uploads\/2019\/04\/Final-Casa5-6-e1558462957441-1.jpg","datePublished":"2024-04-18T00:53:22+00:00","dateModified":"2024-04-18T01:28:58+00:00","description":"Alquiler de casas y apart hotel en Villa La Angostura","breadcrumb":{"@id":"https:\/\/arbolarweb.com.ar\/web\/#breadcrumb"},"inLanguage":"es","potentialAction":[{"@type":"ReadAction","target":["https:\/\/arbolarweb.com.ar\/web\/"]}]},{"@type":"ImageObject","inLanguage":"es","@id":"https:\/\/arbolarweb.com.ar\/web\/#primaryimage","url":"http:\/\/arbolarweb.com.ar\/web\/wp-content\/uploads\/2019\/04\/Final-Casa5-6-e1558462957441-1.jpg","contentUrl":"http:\/\/arbolarweb.com.ar\/web\/wp-content\/uploads\/2019\/04\/Final-Casa5-6-e1558462957441-1.jpg"},{"@type":"BreadcrumbList","@id":"https:\/\/arbolarweb.com.ar\/web\/#breadcrumb","itemListElement":[{"@type":"ListItem","position":1,"name":"Portada","item":"https:\/\/arbolarweb.com.ar\/web\/"},{"@type":"ListItem","position":2,"name":"Home ES"}]},{"@type":"WebSite","@id":"https:\/\/arbolarweb.com.ar\/web\/#website","url":"https:\/\/arbolarweb.com.ar\/web\/","name":"Arbolar Casas de Monta\u00f1a Villa La Angostura Patagonia Argentina","description":"Hospedaje en Villa La Angostura","potentialAction":[{"@type":"SearchAction","target":{"@type":"EntryPoint","urlTemplate":"https:\/\/arbolarweb.com.ar\/web\/?s={search_term_string}"},"query-input":{"@type":"PropertyValueSpecification","valueRequired":true,"valueName":"search_term_string"}}],"inLanguage":"es"}]}},"_links":{"self":[{"href":"https:\/\/arbolarweb.com.ar\/web\/wp-json\/wp\/v2\/pages\/13091","targetHints":{"allow":["GET"]}}],"collection":[{"href":"https:\/\/arbolarweb.com.ar\/web\/wp-json\/wp\/v2\/pages"}],"about":[{"href":"https:\/\/arbolarweb.com.ar\/web\/wp-json\/wp\/v2\/types\/page"}],"author":[{"embeddable":true,"href":"https:\/\/arbolarweb.com.ar\/web\/wp-json\/wp\/v2\/users\/4"}],"replies":[{"embeddable":true,"href":"https:\/\/arbolarweb.com.ar\/web\/wp-json\/wp\/v2\/comments?post=13091"}],"version-history":[{"count":5,"href":"https:\/\/arbolarweb.com.ar\/web\/wp-json\/wp\/v2\/pages\/13091\/revisions"}],"predecessor-version":[{"id":13096,"href":"https:\/\/arbolarweb.com.ar\/web\/wp-json\/wp\/v2\/pages\/13091\/revisions\/13096"}],"wp:attachment":[{"href":"https:\/\/arbolarweb.com.ar\/web\/wp-json\/wp\/v2\/media?parent=13091"}],"curies":[{"name":"wp","href":"https:\/\/api.w.org\/{rel}","templated":true}]}}