{"id":8587,"date":"2018-10-08T12:55:41","date_gmt":"2018-10-08T15:55:41","guid":{"rendered":"http:\/\/69.16.243.28\/~arbolarwebcom\/web\/?page_id=8587"},"modified":"2019-12-04T21:39:04","modified_gmt":"2019-12-04T21:39:04","slug":"villa-la-angostura","status":"publish","type":"page","link":"https:\/\/arbolarweb.com.ar\/web\/villa-la-angostura\/","title":{"rendered":"Villa La Angostura"},"content":{"rendered":"<p>[vc_row][vc_column el_align=\u00bbleft\u00bb][vc_custom_heading text=\u00bbVilla La Angostura\u00bb font_container=\u00bbtag:h2|font_size:35|text_align:center\u00bb google_fonts=\u00bbfont_family:Roboto%3A100%2C100italic%2C300%2C300italic%2Cregular%2Citalic%2C500%2C500italic%2C700%2C700italic%2C900%2C900italic|font_style:100%20light%20regular%3A100%3Anormal\u00bb][rev_slider_vc alias=\u00bbvilla-la-angostura\u00bb][\/vc_column][\/vc_row][vc_row][vc_column][vc_separator][vc_custom_heading text=\u00bbActividades y Vistas de Villa La Angostura\u00bb font_container=\u00bbtag:h2|font_size:35|text_align:center\u00bb google_fonts=\u00bbfont_family:Roboto%3A100%2C100italic%2C300%2C300italic%2Cregular%2Citalic%2C500%2C500italic%2C700%2C700italic%2C900%2C900italic|font_style:100%20light%20regular%3A100%3Anormal\u00bb][vc_separator][\/vc_column][vc_column width=\u00bb1\/2&#8243;][vc_custom_heading text=\u00bbPesca\u00bb google_fonts=\u00bbfont_family:Roboto%3A100%2C100italic%2C300%2C300italic%2Cregular%2Citalic%2C500%2C500italic%2C700%2C700italic%2C900%2C900italic|font_style:300%20light%20regular%3A300%3Anormal\u00bb][vc_column_text]<img loading=\"lazy\" decoding=\"async\" class=\"alignleft wp-image-8603 size-full\" src=\"http:\/\/arbolarweb.com.ar\/web\/wp-content\/uploads\/2018\/10\/pesca-1.jpg\" alt=\"\" width=\"188\" height=\"142\">Nuestros lagos y r\u00edos son el para\u00edso para esta actividad alojando una gran variedad de salm\u00f3nidos, truchas arco iris, marrones y fontinallis que conviven con las especies nativas las cuales no esta permitido pescar. El inicio de la temporada es en noviembre y su finalizaci\u00f3n en mayo, son muchos los lugares donde se puede realizar esta actividad en cualquiera de sus modalidades pesca con mosca, arrastre y spinning. Se puede disfrutar de muchas maneras, pescando solos desde la costa, con salidas guiadas en barco en los distintos lagos, o realizando flotadas en el rio Limay donde desemboca el Nahuel Huapi.<br \/>\nEs necesario para esta actividad contar con un permiso de pesca, nuestros recepcionistas los podr\u00e1n asesorar donde conseguir dicho permiso y cu\u00e1les son las salidas guiadas disponibles.[\/vc_column_text][vc_separator][vc_custom_heading text=\u00bbNavegaci\u00f3n\u00bb google_fonts=\u00bbfont_family:Roboto%3A100%2C100italic%2C300%2C300italic%2Cregular%2Citalic%2C500%2C500italic%2C700%2C700italic%2C900%2C900italic|font_style:300%20light%20regular%3A300%3Anormal\u00bb][vc_column_text]<img loading=\"lazy\" decoding=\"async\" class=\"alignleft wp-image-8611 size-full\" src=\"http:\/\/arbolarweb.com.ar\/web\/wp-content\/uploads\/2019\/05\/navegacion-1.jpg\" alt=\"\" width=\"188\" height=\"142\">La mejor manera de conocer el Nahuel Huapi es navegando en sus aguas, visitando distintos lugares como la isla victoria, la pen\u00ednsula de Quetrihue, las bah\u00edas principales de la villa. Hay tantas formas distintas como gustos, se puede ir a bordo de grandes embarcaciones como los catamaranes que salen del puerto, para quienes desean algo m\u00e1s reservado hay paseos en peque\u00f1os barcos, para los m\u00e1s aventureros se puede ir navegando solo con el impulso del viento en veleros y si hay navegantes, con carnet de timonel, tienen la posibilidad de alquilar semirr\u00edgidos y recorrer el lago a su manera. Hay paseos durante todo el a\u00f1o si bien las condiciones m\u00e1s c\u00e1lidas son durante el verano, asesorarse en recepci\u00f3n por las distintas alternativas.[\/vc_column_text][vc_separator][vc_custom_heading text=\u00bbRemo\u00bb google_fonts=\u00bbfont_family:Roboto%3A100%2C100italic%2C300%2C300italic%2Cregular%2Citalic%2C500%2C500italic%2C700%2C700italic%2C900%2C900italic|font_style:300%20light%20regular%3A300%3Anormal\u00bb][vc_column_text]<img loading=\"lazy\" decoding=\"async\" class=\"wp-image-8672 size-full alignleft\" src=\"http:\/\/arbolarweb.com.ar\/web\/wp-content\/uploads\/2019\/05\/remo1-1.jpg\" alt=\"\" width=\"188\" height=\"142\"><img loading=\"lazy\" decoding=\"async\" class=\"wp-image-8673 size-full alignleft\" src=\"http:\/\/arbolarweb.com.ar\/web\/wp-content\/uploads\/2019\/05\/remo2-1.jpg\" alt=\"\" width=\"188\" height=\"142\">Para aquellos a los que les toque buen tiempo y quieran mas actividad en el agua se puede remar en kayaks o canoas por distintos rincones del Nahuel Huapi y lagos cercanos, para los que quieren algo menos tradicional pueden probar la alternativa de paddle, remando parados sobre unas tablas tipo surf. Todas estas actividades se pueden realizar libremente alquilando los equipos o con traves\u00edas guiadas, pueden asesorarse en recepci\u00f3n acerca de las distintas modalidades.[\/vc_column_text][vc_separator][vc_custom_heading text=\u00bbTrekking\u00bb google_fonts=\u00bbfont_family:Roboto%3A100%2C100italic%2C300%2C300italic%2Cregular%2Citalic%2C500%2C500italic%2C700%2C700italic%2C900%2C900italic|font_style:300%20light%20regular%3A300%3Anormal\u00bb][vc_column_text]<img loading=\"lazy\" decoding=\"async\" class=\"wp-image-8755 size-full alignleft\" src=\"http:\/\/arbolarweb.com.ar\/web\/wp-content\/uploads\/2019\/05\/trekking-1.jpg\" alt=\"\" width=\"188\" height=\"142\">Esta es una de las principales actividades que se puede realizar en villa la angostura durante todo el a\u00f1o para expertos o simplemente entusiastas. Apreciando los incre\u00edbles paisajes que las sendas atraviesan hay numerosas opciones para elegir, desde tranquilas caminatas en el bosque con cascadas, ascensiones a cerros, hasta largas traves\u00edas de varios d\u00edas entre monta\u00f1as y valles. Para esta actividad hay dos modalidades principales, se puede realizar de forma independiente por caminos se\u00f1alizados, o contratar gu\u00edas especializados que los llevaran a lugares m\u00e1s desafiantes, y acompa\u00f1aran la aventura con interpretaci\u00f3n de la flora, fauna, historia y geolog\u00eda de la zona. Consultar con nuestros recepcionistas las distintas alternativas, de cualquier forma es una aventura en la m\u00e1s pura naturaleza.[\/vc_column_text][vc_separator][vc_custom_heading text=\u00bbMountain bike\u00bb google_fonts=\u00bbfont_family:Roboto%3A100%2C100italic%2C300%2C300italic%2Cregular%2Citalic%2C500%2C500italic%2C700%2C700italic%2C900%2C900italic|font_style:300%20light%20regular%3A300%3Anormal\u00bb][vc_column_text]<img loading=\"lazy\" decoding=\"async\" class=\"alignleft wp-image-8761 size-full\" src=\"http:\/\/arbolarweb.com.ar\/web\/wp-content\/uploads\/2019\/05\/mountainbike1-1.jpg\" alt=\"\" width=\"188\" height=\"142\"><img loading=\"lazy\" decoding=\"async\" class=\"alignleft wp-image-8762 size-full\" src=\"http:\/\/arbolarweb.com.ar\/web\/wp-content\/uploads\/2019\/05\/mountainbike2-1.jpg\" alt=\"\" width=\"188\" height=\"142\">Una de las actividades principales de la zona. Son muchos los senderos disponibles y variados sus niveles de dificultad. El mas conocido son los 12 km de la pen\u00ednsula de Quetrihue con su hermoso bosque de arrayanes (se puede combinar con el catamar\u00e1n para hacer un tramo barco), tambi\u00e9n se puede hacer descenso en las laderas de los cerros, o usarlo como medio para ir a distintas playas por caminos en los bosques. Consultar en recepci\u00f3n por las distintas ofertas en alquiler de bicis.[\/vc_column_text][vc_separator][vc_custom_heading text=\u00bbTenis \/ Squash\u00bb google_fonts=\u00bbfont_family:Roboto%3A100%2C100italic%2C300%2C300italic%2Cregular%2Citalic%2C500%2C500italic%2C700%2C700italic%2C900%2C900italic|font_style:300%20light%20regular%3A300%3Anormal\u00bb][vc_column_text]<img loading=\"lazy\" decoding=\"async\" class=\"alignleft wp-image-8765 size-full\" src=\"http:\/\/arbolarweb.com.ar\/web\/wp-content\/uploads\/2019\/05\/tenis-1.jpg\" alt=\"\" width=\"188\" height=\"142\">Para los que les gustan estos deportes en las cercan\u00edas de nuestro complejo se encuentran la cancha cubierta de tenis de Jean Pierre, inmigrante belga quien desarrollo el centro de esqu\u00ed de la localidad, y las canchas de squash, ideales para hacer planes alternativos para los d\u00edas de lluvia.<br \/>\nPara los interesados consultar con nuestros recepcionistas quienes les podr\u00e1n dar m\u00e1s informaci\u00f3n del servicio y gestionar las reservas.[\/vc_column_text][\/vc_column][vc_column width=\u00bb1\/2&#8243;][vc_custom_heading text=\u00bbGolf\u00bb google_fonts=\u00bbfont_family:Roboto%3A100%2C100italic%2C300%2C300italic%2Cregular%2Citalic%2C500%2C500italic%2C700%2C700italic%2C900%2C900italic|font_style:300%20light%20regular%3A300%3Anormal\u00bb][vc_column_text]<img loading=\"lazy\" decoding=\"async\" class=\"alignright wp-image-8606 size-full\" src=\"http:\/\/arbolarweb.com.ar\/web\/wp-content\/uploads\/2019\/05\/golf-1.jpg\" alt=\"\" width=\"188\" height=\"142\">Tanto para los amantes de este deporte como para quienes les gustar\u00eda probar por primera vez, a 400 metros de nuestro complejo se encuentra la cancha de golf Ruka Kuyen, con quienes celebramos un convenio para nuestros hu\u00e9spedes. Un lindo ejemplo del paisaje cordillerano de nuestro bosque h\u00famedo, con una gran variedad de flora t\u00edpica de la zona y la silueta del cerro bayo de fondo, tiene 9 hoyos, par tres, ideal para disfrutar en primavera, verano y oto\u00f1o. En el complejo contamos con un set de palos de golf, con los cuales pueden jugar en la cancha o ir al Driving Range que tambi\u00e9n queda en las cercan\u00edas del complejo.[\/vc_column_text][vc_separator][vc_custom_heading text=\u00bbCanopy\u00bb google_fonts=\u00bbfont_family:Roboto%3A100%2C100italic%2C300%2C300italic%2Cregular%2Citalic%2C500%2C500italic%2C700%2C700italic%2C900%2C900italic|font_style:300%20light%20regular%3A300%3Anormal\u00bb][vc_column_text]<img loading=\"lazy\" decoding=\"async\" class=\"wp-image-8669 size-full alignright\" src=\"http:\/\/arbolarweb.com.ar\/web\/wp-content\/uploads\/2019\/05\/canopy1-1.jpg\" alt=\"\" width=\"188\" height=\"142\"><img loading=\"lazy\" decoding=\"async\" class=\"size-full wp-image-8670 alignright\" src=\"http:\/\/arbolarweb.com.ar\/web\/wp-content\/uploads\/2019\/05\/canopy2-1.jpg\" alt=\"\" width=\"188\" height=\"142\">Para quienes quieren volar entre los \u00e1rboles, apreciando la belleza de densos bosques de coihues desde sus copas, existe el canopy, un recorrido entre arboles unidos con cables de acero y plataformas de madera el cual se recorre volando atado de un arn\u00e9s, una actividad para toda la familia totalmente segura y con su cuota de aventura.[\/vc_column_text][vc_separator][vc_custom_heading text=\u00bbFourtrax\u00bb google_fonts=\u00bbfont_family:Roboto%3A100%2C100italic%2C300%2C300italic%2Cregular%2Citalic%2C500%2C500italic%2C700%2C700italic%2C900%2C900italic|font_style:300%20light%20regular%3A300%3Anormal\u00bb][vc_column_text]<img loading=\"lazy\" decoding=\"async\" class=\"alignright wp-image-8753 size-full\" src=\"http:\/\/arbolarweb.com.ar\/web\/wp-content\/uploads\/2019\/05\/fourtrax-1.jpg\" alt=\"\" width=\"188\" height=\"142\">Si desea disfrutar de los bosques h\u00famedos patag\u00f3nicos en una forma diferente hay excursiones en las laderas del cerro bayo para recorrer con gu\u00edas y disfrutar de la adrenalina en el bosque.[\/vc_column_text][vc_separator][vc_custom_heading text=\u00bbSki \/ Snowboard\u00bb google_fonts=\u00bbfont_family:Roboto%3A100%2C100italic%2C300%2C300italic%2Cregular%2Citalic%2C500%2C500italic%2C700%2C700italic%2C900%2C900italic|font_style:300%20light%20regular%3A300%3Anormal\u00bb][vc_column_text]<img loading=\"lazy\" decoding=\"async\" class=\"alignright wp-image-8754 size-full\" src=\"http:\/\/arbolarweb.com.ar\/web\/wp-content\/uploads\/2019\/05\/ski-1.jpg\" alt=\"\" width=\"188\" height=\"142\">Para los entusiastas de los deportes invernales en nuestra localidad se encuentra el Cerro Bayo que desde su inauguraci\u00f3n en 1978 es uno de los centros de esqu\u00ed m\u00e1s exclusivos de la Patagonia argentina.<br \/>\nRodeado de bosques y con una particular vista del lago Nahuel Huapi, este centro de esqu\u00ed se encuentra a minutos del centro de la localidad y ofrece cerca de 200 hect\u00e1reas para la pr\u00e1ctica del esqu\u00ed y el snowboard. El Cerro Bayo es ideal tanto para principiantes como para esquiadores avanzados, quienes disponen de m\u00e1s de veinte pistas y medios de elevaci\u00f3n para disfrutar del cerro en las distintas laderas que presenta.[\/vc_column_text][vc_separator][vc_custom_heading text=\u00bbBuceo\u00bb google_fonts=\u00bbfont_family:Roboto%3A100%2C100italic%2C300%2C300italic%2Cregular%2Citalic%2C500%2C500italic%2C700%2C700italic%2C900%2C900italic|font_style:300%20light%20regular%3A300%3Anormal\u00bb][vc_column_text]<img loading=\"lazy\" decoding=\"async\" class=\"wp-image-8760 size-full alignright\" src=\"http:\/\/arbolarweb.com.ar\/web\/wp-content\/uploads\/2019\/05\/buceo2-1.jpg\" alt=\"\" width=\"188\" height=\"142\"><img loading=\"lazy\" decoding=\"async\" class=\"wp-image-8759 size-full alignright\" src=\"http:\/\/arbolarweb.com.ar\/web\/wp-content\/uploads\/2019\/05\/buceo1-1.jpg\" alt=\"\" width=\"188\" height=\"142\">Disponible solo en verano, si te gusta el agua y te intriga conocer las profundidades de los lagos de la regi\u00f3n que fueron dejando los glaciares en su paso a\u00f1os atr\u00e1s, existe la posibilidad de bucear en sus aguas. Con inmersiones en el Nahuel Huapi o en el lago Traful donde se encuentra el bosque sumergido, existen excursiones de buceos bautismo para aquellos que bajan por primera vez, salidas mas experimentadas para quienes tienen certificaci\u00f3n y para los que planean una estad\u00eda mas prolongada en villa esta la posibilidad de realizar los cursos completos con certificaci\u00f3n internacional con m\u00faltiples inmersiones en distintos lugares de la zona.[\/vc_column_text][vc_separator][vc_custom_heading text=\u00bbCabalgatas\u00bb google_fonts=\u00bbfont_family:Roboto%3A100%2C100italic%2C300%2C300italic%2Cregular%2Citalic%2C500%2C500italic%2C700%2C700italic%2C900%2C900italic|font_style:300%20light%20regular%3A300%3Anormal\u00bb][vc_column_text]<img loading=\"lazy\" decoding=\"async\" class=\"alignright wp-image-8764 size-full\" src=\"http:\/\/arbolarweb.com.ar\/web\/wp-content\/uploads\/2019\/05\/cabalgatas-1.jpg\" alt=\"\" width=\"188\" height=\"142\">Para los amantes de los caballos que mejor que hacer una cabalgata en este lugar. Los destinos son hermosas cascadas o miradores en los cerros a los cuales se llega por senderos boscosos, apreciando la flora local y disfrutando del aire patag\u00f3nico. Hay paseos cortos para los que quieren dar una vuelta y otros que incluyen hacer noche en la monta\u00f1a para quienes quieran mas aventura. Esta actividad se desarrolla principalmente en verano. Consultar en recepci\u00f3n por los programas disponibles.[\/vc_column_text][vc_separator][vc_custom_heading text=\u00bbCaminatas con Raquetas\u00bb google_fonts=\u00bbfont_family:Roboto%3A100%2C100italic%2C300%2C300italic%2Cregular%2Citalic%2C500%2C500italic%2C700%2C700italic%2C900%2C900italic|font_style:300%20light%20regular%3A300%3Anormal\u00bb][vc_column_text]<img loading=\"lazy\" decoding=\"async\" class=\"alignright wp-image-8766 size-full\" src=\"http:\/\/arbolarweb.com.ar\/web\/wp-content\/uploads\/2019\/05\/raquetas-1.jpg\" alt=\"\" width=\"188\" height=\"142\">Ideal para quienes quieren hacer algo distinto en el invierno, existe esta posibilidad de conocer la belleza de los bosques y monta\u00f1as nevados de nuestra zona con raquetas. Hay muchos lugares para realizar esta actividad con distintas dificultades que van desde los cerros de nuestra localidad, a otros ubicados en plena cordillera de los Andes en el l\u00edmite con chile.<br \/>\nAsesorarse con nuestros recepcionistas en cuanto las excursiones y los gu\u00edas habilitados para realizar tal actividad.[\/vc_column_text][\/vc_column][\/vc_row]<\/p>\n","protected":false},"excerpt":{"rendered":"<p>[vc_row][vc_column el_align=\u00bbleft\u00bb][vc_custom_heading text=\u00bbVilla La Angostura\u00bb font_container=\u00bbtag:h2|font_size:35|text_align:center\u00bb google_fonts=\u00bbfont_family:Roboto%3A100%2C100italic%2C300%2C300italic%2Cregular%2Citalic%2C500%2C500italic%2C700%2C700italic%2C900%2C900italic|font_style:100%20light%20regular%3A100%3Anormal\u00bb][rev_slider_vc alias=\u00bbvilla-la-angostura\u00bb][\/vc_column][\/vc_row][vc_row][vc_column][vc_separator][vc_custom_heading text=\u00bbActividades y Vistas de Villa La Angostura\u00bb font_container=\u00bbtag:h2|font_size:35|text_align:center\u00bb google_fonts=\u00bbfont_family:Roboto%3A100%2C100italic%2C300%2C300italic%2Cregular%2Citalic%2C500%2C500italic%2C700%2C700italic%2C900%2C900italic|font_style:100%20light%20regular%3A100%3Anormal\u00bb][vc_separator][\/vc_column][vc_column width=\u00bb1\/2&#8243;][vc_custom_heading text=\u00bbPesca\u00bb google_fonts=\u00bbfont_family:Roboto%3A100%2C100italic%2C300%2C300italic%2Cregular%2Citalic%2C500%2C500italic%2C700%2C700italic%2C900%2C900italic|font_style:300%20light%20regular%3A300%3Anormal\u00bb][vc_column_text]Nuestros lagos y r\u00edos son el para\u00edso para esta actividad alojando una gran variedad de salm\u00f3nidos, truchas arco iris, marrones y fontinallis que conviven con las especies nativas las cuales no esta permitido pescar. El inicio [&hellip;]<\/p>\n","protected":false},"author":3,"featured_media":0,"parent":0,"menu_order":0,"comment_status":"closed","ping_status":"closed","template":"","meta":{"footnotes":""},"class_list":["post-8587","page","type-page","status-publish","hentry"],"yoast_head":"<!-- This site is optimized with the Yoast SEO plugin v25.5 - https:\/\/yoast.com\/wordpress\/plugins\/seo\/ -->\n<title>Actividades en Villa La Angostura - Arbolar Casas de Monta\u00f1a Villa La Angostura Patagonia Argentina<\/title>\n<meta name=\"description\" content=\"Villa La Angostura, Alquiler, Alojamiento, Caba\u00f1as, Casas, Departamentos, Alquiler Temporario, Apart hotel, Las Balsas, Cerro Bayo\" \/>\n<meta name=\"robots\" content=\"index, follow, max-snippet:-1, max-image-preview:large, max-video-preview:-1\" \/>\n<link rel=\"canonical\" href=\"https:\/\/arbolarweb.com.ar\/web\/villa-la-angostura\/\" \/>\n<meta property=\"og:locale\" content=\"es_ES\" \/>\n<meta property=\"og:type\" content=\"article\" \/>\n<meta property=\"og:title\" content=\"Actividades en Villa La Angostura - Arbolar Casas de Monta\u00f1a Villa La Angostura Patagonia Argentina\" \/>\n<meta property=\"og:description\" content=\"Villa La Angostura, Alquiler, Alojamiento, Caba\u00f1as, Casas, Departamentos, Alquiler Temporario, Apart hotel, Las Balsas, Cerro Bayo\" \/>\n<meta property=\"og:url\" content=\"https:\/\/arbolarweb.com.ar\/web\/villa-la-angostura\/\" \/>\n<meta property=\"og:site_name\" content=\"Arbolar Casas de Monta\u00f1a Villa La Angostura Patagonia Argentina\" \/>\n<meta property=\"article:publisher\" content=\"https:\/\/www.facebook.com\/arbolarcasas\/\" \/>\n<meta property=\"article:modified_time\" content=\"2019-12-04T21:39:04+00:00\" \/>\n<meta property=\"og:image\" content=\"http:\/\/arbolarweb.com.ar\/web\/wp-content\/uploads\/2018\/10\/pesca-1.jpg\" \/>\n<meta name=\"twitter:card\" content=\"summary_large_image\" \/>\n<meta name=\"twitter:label1\" content=\"Tiempo de lectura\" \/>\n\t<meta name=\"twitter:data1\" content=\"9 minutos\" \/>\n<script type=\"application\/ld+json\" class=\"yoast-schema-graph\">{\"@context\":\"https:\/\/schema.org\",\"@graph\":[{\"@type\":\"WebPage\",\"@id\":\"https:\/\/arbolarweb.com.ar\/web\/villa-la-angostura\/\",\"url\":\"https:\/\/arbolarweb.com.ar\/web\/villa-la-angostura\/\",\"name\":\"Actividades en Villa La Angostura - Arbolar Casas de Monta\u00f1a Villa La Angostura Patagonia Argentina\",\"isPartOf\":{\"@id\":\"https:\/\/arbolarweb.com.ar\/web\/#website\"},\"primaryImageOfPage\":{\"@id\":\"https:\/\/arbolarweb.com.ar\/web\/villa-la-angostura\/#primaryimage\"},\"image\":{\"@id\":\"https:\/\/arbolarweb.com.ar\/web\/villa-la-angostura\/#primaryimage\"},\"thumbnailUrl\":\"http:\/\/arbolarweb.com.ar\/web\/wp-content\/uploads\/2018\/10\/pesca-1.jpg\",\"datePublished\":\"2018-10-08T15:55:41+00:00\",\"dateModified\":\"2019-12-04T21:39:04+00:00\",\"description\":\"Villa La Angostura, Alquiler, Alojamiento, Caba\u00f1as, Casas, Departamentos, Alquiler Temporario, Apart hotel, Las Balsas, Cerro Bayo\",\"breadcrumb\":{\"@id\":\"https:\/\/arbolarweb.com.ar\/web\/villa-la-angostura\/#breadcrumb\"},\"inLanguage\":\"es\",\"potentialAction\":[{\"@type\":\"ReadAction\",\"target\":[\"https:\/\/arbolarweb.com.ar\/web\/villa-la-angostura\/\"]}]},{\"@type\":\"ImageObject\",\"inLanguage\":\"es\",\"@id\":\"https:\/\/arbolarweb.com.ar\/web\/villa-la-angostura\/#primaryimage\",\"url\":\"http:\/\/arbolarweb.com.ar\/web\/wp-content\/uploads\/2018\/10\/pesca-1.jpg\",\"contentUrl\":\"http:\/\/arbolarweb.com.ar\/web\/wp-content\/uploads\/2018\/10\/pesca-1.jpg\"},{\"@type\":\"BreadcrumbList\",\"@id\":\"https:\/\/arbolarweb.com.ar\/web\/villa-la-angostura\/#breadcrumb\",\"itemListElement\":[{\"@type\":\"ListItem\",\"position\":1,\"name\":\"Portada\",\"item\":\"https:\/\/arbolarweb.com.ar\/web\/\"},{\"@type\":\"ListItem\",\"position\":2,\"name\":\"Villa La Angostura\"}]},{\"@type\":\"WebSite\",\"@id\":\"https:\/\/arbolarweb.com.ar\/web\/#website\",\"url\":\"https:\/\/arbolarweb.com.ar\/web\/\",\"name\":\"Arbolar Casas de Monta\u00f1a Villa La Angostura Patagonia Argentina\",\"description\":\"Hospedaje en Villa La Angostura\",\"potentialAction\":[{\"@type\":\"SearchAction\",\"target\":{\"@type\":\"EntryPoint\",\"urlTemplate\":\"https:\/\/arbolarweb.com.ar\/web\/?s={search_term_string}\"},\"query-input\":{\"@type\":\"PropertyValueSpecification\",\"valueRequired\":true,\"valueName\":\"search_term_string\"}}],\"inLanguage\":\"es\"}]}<\/script>\n<!-- \/ Yoast SEO plugin. -->","yoast_head_json":{"title":"Actividades en Villa La Angostura - Arbolar Casas de Monta\u00f1a Villa La Angostura Patagonia Argentina","description":"Villa La Angostura, Alquiler, Alojamiento, Caba\u00f1as, Casas, Departamentos, Alquiler Temporario, Apart hotel, Las Balsas, Cerro Bayo","robots":{"index":"index","follow":"follow","max-snippet":"max-snippet:-1","max-image-preview":"max-image-preview:large","max-video-preview":"max-video-preview:-1"},"canonical":"https:\/\/arbolarweb.com.ar\/web\/villa-la-angostura\/","og_locale":"es_ES","og_type":"article","og_title":"Actividades en Villa La Angostura - Arbolar Casas de Monta\u00f1a Villa La Angostura Patagonia Argentina","og_description":"Villa La Angostura, Alquiler, Alojamiento, Caba\u00f1as, Casas, Departamentos, Alquiler Temporario, Apart hotel, Las Balsas, Cerro Bayo","og_url":"https:\/\/arbolarweb.com.ar\/web\/villa-la-angostura\/","og_site_name":"Arbolar Casas de Monta\u00f1a Villa La Angostura Patagonia Argentina","article_publisher":"https:\/\/www.facebook.com\/arbolarcasas\/","article_modified_time":"2019-12-04T21:39:04+00:00","og_image":[{"url":"http:\/\/arbolarweb.com.ar\/web\/wp-content\/uploads\/2018\/10\/pesca-1.jpg","type":"","width":"","height":""}],"twitter_card":"summary_large_image","twitter_misc":{"Tiempo de lectura":"9 minutos"},"schema":{"@context":"https:\/\/schema.org","@graph":[{"@type":"WebPage","@id":"https:\/\/arbolarweb.com.ar\/web\/villa-la-angostura\/","url":"https:\/\/arbolarweb.com.ar\/web\/villa-la-angostura\/","name":"Actividades en Villa La Angostura - Arbolar Casas de Monta\u00f1a Villa La Angostura Patagonia Argentina","isPartOf":{"@id":"https:\/\/arbolarweb.com.ar\/web\/#website"},"primaryImageOfPage":{"@id":"https:\/\/arbolarweb.com.ar\/web\/villa-la-angostura\/#primaryimage"},"image":{"@id":"https:\/\/arbolarweb.com.ar\/web\/villa-la-angostura\/#primaryimage"},"thumbnailUrl":"http:\/\/arbolarweb.com.ar\/web\/wp-content\/uploads\/2018\/10\/pesca-1.jpg","datePublished":"2018-10-08T15:55:41+00:00","dateModified":"2019-12-04T21:39:04+00:00","description":"Villa La Angostura, Alquiler, Alojamiento, Caba\u00f1as, Casas, Departamentos, Alquiler Temporario, Apart hotel, Las Balsas, Cerro Bayo","breadcrumb":{"@id":"https:\/\/arbolarweb.com.ar\/web\/villa-la-angostura\/#breadcrumb"},"inLanguage":"es","potentialAction":[{"@type":"ReadAction","target":["https:\/\/arbolarweb.com.ar\/web\/villa-la-angostura\/"]}]},{"@type":"ImageObject","inLanguage":"es","@id":"https:\/\/arbolarweb.com.ar\/web\/villa-la-angostura\/#primaryimage","url":"http:\/\/arbolarweb.com.ar\/web\/wp-content\/uploads\/2018\/10\/pesca-1.jpg","contentUrl":"http:\/\/arbolarweb.com.ar\/web\/wp-content\/uploads\/2018\/10\/pesca-1.jpg"},{"@type":"BreadcrumbList","@id":"https:\/\/arbolarweb.com.ar\/web\/villa-la-angostura\/#breadcrumb","itemListElement":[{"@type":"ListItem","position":1,"name":"Portada","item":"https:\/\/arbolarweb.com.ar\/web\/"},{"@type":"ListItem","position":2,"name":"Villa La Angostura"}]},{"@type":"WebSite","@id":"https:\/\/arbolarweb.com.ar\/web\/#website","url":"https:\/\/arbolarweb.com.ar\/web\/","name":"Arbolar Casas de Monta\u00f1a Villa La Angostura Patagonia Argentina","description":"Hospedaje en Villa La Angostura","potentialAction":[{"@type":"SearchAction","target":{"@type":"EntryPoint","urlTemplate":"https:\/\/arbolarweb.com.ar\/web\/?s={search_term_string}"},"query-input":{"@type":"PropertyValueSpecification","valueRequired":true,"valueName":"search_term_string"}}],"inLanguage":"es"}]}},"_links":{"self":[{"href":"https:\/\/arbolarweb.com.ar\/web\/wp-json\/wp\/v2\/pages\/8587","targetHints":{"allow":["GET"]}}],"collection":[{"href":"https:\/\/arbolarweb.com.ar\/web\/wp-json\/wp\/v2\/pages"}],"about":[{"href":"https:\/\/arbolarweb.com.ar\/web\/wp-json\/wp\/v2\/types\/page"}],"author":[{"embeddable":true,"href":"https:\/\/arbolarweb.com.ar\/web\/wp-json\/wp\/v2\/users\/3"}],"replies":[{"embeddable":true,"href":"https:\/\/arbolarweb.com.ar\/web\/wp-json\/wp\/v2\/comments?post=8587"}],"version-history":[{"count":1,"href":"https:\/\/arbolarweb.com.ar\/web\/wp-json\/wp\/v2\/pages\/8587\/revisions"}],"predecessor-version":[{"id":11076,"href":"https:\/\/arbolarweb.com.ar\/web\/wp-json\/wp\/v2\/pages\/8587\/revisions\/11076"}],"wp:attachment":[{"href":"https:\/\/arbolarweb.com.ar\/web\/wp-json\/wp\/v2\/media?parent=8587"}],"curies":[{"name":"wp","href":"https:\/\/api.w.org\/{rel}","templated":true}]}}