{"id":9202,"date":"2018-11-26T23:09:52","date_gmt":"2018-11-27T02:09:52","guid":{"rendered":"http:\/\/69.16.243.28\/~arbolarwebcom\/web\/?page_id=9202"},"modified":"2025-12-16T09:18:48","modified_gmt":"2025-12-16T12:18:48","slug":"casa-de-montana-2","status":"publish","type":"page","link":"https:\/\/arbolarweb.com.ar\/web\/casa-de-montana-2\/","title":{"rendered":"Casa 2"},"content":{"rendered":"<p>[vc_row][vc_column][vc_custom_heading text=\u00bbCasa 2&#8243; font_container=\u00bbtag:h2|font_size:35|text_align:center\u00bb google_fonts=\u00bbfont_family:Roboto%3A100%2C100italic%2C300%2C300italic%2Cregular%2Citalic%2C500%2C500italic%2C700%2C700italic%2C900%2C900italic|font_style:100%20light%20regular%3A100%3Anormal\u00bb][vc_separator][\/vc_column][\/vc_row][vc_row][vc_column]<div id=\"ult-carousel-11131686869e8d164914b9\" class=\"ult-carousel-wrapper   ult_horizontal\" data-gutter=\"5\" data-rtl=\"false\" ><div class=\"ult-carousel-6441047669e8d1649130c \" >[vc_single_image image=\u00bb9794&#8243; img_size=\u00bb500&#215;500&#8243; onclick=\u00bblink_image\u00bb][vc_single_image image=\u00bb9795&#8243; img_size=\u00bb500&#215;500&#8243; onclick=\u00bblink_image\u00bb][vc_single_image image=\u00bb9796&#8243; img_size=\u00bb500&#215;500&#8243; onclick=\u00bblink_image\u00bb][vc_single_image image=\u00bb15080&#8243; img_size=\u00bb500&#215;500&#8243; onclick=\u00bblink_image\u00bb][vc_single_image image=\u00bb9797&#8243; img_size=\u00bb500&#215;500&#8243; onclick=\u00bblink_image\u00bb][vc_single_image image=\u00bb9798&#8243; img_size=\u00bb500&#215;500&#8243; onclick=\u00bblink_image\u00bb][vc_single_image image=\u00bb15083&#8243; img_size=\u00bb500&#215;500&#8243; onclick=\u00bblink_image\u00bb][vc_single_image image=\u00bb9799&#8243; img_size=\u00bb500&#215;500&#8243; onclick=\u00bblink_image\u00bb][vc_single_image image=\u00bb9800&#8243; img_size=\u00bb500&#215;500&#8243; onclick=\u00bblink_image\u00bb][vc_single_image image=\u00bb9801&#8243; img_size=\u00bb500&#215;500&#8243; onclick=\u00bblink_image\u00bb][vc_single_image image=\u00bb9802&#8243; img_size=\u00bb500&#215;500&#8243; onclick=\u00bblink_image\u00bb][vc_single_image image=\u00bb9803&#8243; img_size=\u00bb500&#215;500&#8243; onclick=\u00bblink_image\u00bb][vc_single_image image=\u00bb9804&#8243; img_size=\u00bb500&#215;500&#8243; onclick=\u00bblink_image\u00bb][vc_single_image image=\u00bb9805&#8243; img_size=\u00bb500&#215;500&#8243; onclick=\u00bblink_image\u00bb]<\/div><\/div>\t\t\t<script type=\"text\/javascript\">\r\n\t\t\t\tjQuery(document).ready(function ($) {\r\n\t\t\t\t\tif( typeof jQuery('.ult-carousel-6441047669e8d1649130c').slick == \"function\"){\r\n\t\t\t\t\t\t$('.ult-carousel-6441047669e8d1649130c').slick({dots: true,autoplay: true,autoplaySpeed: 5000,speed: 800,infinite: true,arrows: true,nextArrow: '<button type=\"button\" role=\"button\" aria-label=\"Next\" style=\"color:#ffffff; font-size:30px;background:rgba(255,255,255,0.5);\" class=\"slick-next circle-bg\"><i class=\"ultsl-arrow-right4\"><\/i><\/button>',prevArrow: '<button type=\"button\" role=\"button\" aria-label=\"Previous\" style=\"color:#ffffff; font-size:30px;background:rgba(255,255,255,0.5);\" class=\"slick-prev circle-bg\"><i class=\"ultsl-arrow-left4\"><\/i><\/button>',slidesToScroll:3,slidesToShow:3,swipe: true,draggable: true,touchMove: true,pauseOnHover: true,pauseOnFocus: false,responsive: [\r\n\t\t\t\t\t\t\t{\r\n\t\t\t\t\t\t\t  breakpoint: 1025,\r\n\t\t\t\t\t\t\t  settings: {\r\n\t\t\t\t\t\t\t\tslidesToShow: 3,\r\n\t\t\t\t\t\t\t\tslidesToScroll: 3,  \r\n\t\t\t\t\t\t\t  }\r\n\t\t\t\t\t\t\t},\r\n\t\t\t\t\t\t\t{\r\n\t\t\t\t\t\t\t  breakpoint: 769,\r\n\t\t\t\t\t\t\t  settings: {\r\n\t\t\t\t\t\t\t\tslidesToShow: 3,\r\n\t\t\t\t\t\t\t\tslidesToScroll: 3\r\n\t\t\t\t\t\t\t  }\r\n\t\t\t\t\t\t\t},\r\n\t\t\t\t\t\t\t{\r\n\t\t\t\t\t\t\t  breakpoint: 481,\r\n\t\t\t\t\t\t\t  settings: {\r\n\t\t\t\t\t\t\t\tslidesToShow: 1,\r\n\t\t\t\t\t\t\t\tslidesToScroll: 1\r\n\t\t\t\t\t\t\t  }\r\n\t\t\t\t\t\t\t}\r\n\t\t\t\t\t\t],pauseOnDotsHover: true,customPaging: function(slider, i) {\r\n                   return '<i type=\"button\" style= \"color:#848484;\" class=\"ultsl-radio-unchecked\" data-role=\"none\"><\/i>';\r\n                },});\r\n\t\t\t\t\t}\r\n\t\t\t\t});\r\n\t\t\t<\/script>\r\n\t\t\t[vc_separator][\/vc_column][\/vc_row][vc_row][vc_column offset=\u00bbvc_hidden-lg\u00bb][vc_tta_tabs][vc_tta_section title=\u00bbComodidades\u00bb tab_id=\u00bb1547606414737-92a3642e-df20&#8243;][vc_column_text]<\/p>\n<ul>\n<li>115 M2 propios.<\/li>\n<li>Casa en 1 sola planta con desnivel de 3 escalones en acceso a zona cuartos.<\/li>\n<li>Amplio hall frio muy \u00fatil para la temporada de invierno.<\/li>\n<li>Living con sill\u00f3n frente al hogar a le\u00f1a.<\/li>\n<li>Comedor con amplia mesa.<\/li>\n<li>Cocina completa.<\/li>\n<li>Lavadero completo.<\/li>\n<li>Dormitorio principal en suite con ba\u00f1o completo.<\/li>\n<li>Dormitorio secundario.<\/li>\n<li>Ba\u00f1o completo.<\/li>\n<li>Deck con Parrilla.<\/li>\n<li>Cochera cubierta.<\/li>\n<\/ul>\n<p>[\/vc_column_text][\/vc_tta_section][vc_tta_section title=\u00bbPlano\u00bb tab_id=\u00bb1547606414738-b23cb84e-b8f1&#8243;][vc_single_image image=\u00bb9530&#8243; img_size=\u00bbfull\u00bb][\/vc_tta_section][\/vc_tta_tabs][\/vc_column][\/vc_row][vc_row][vc_column width=\u00bb1\/2&#8243; offset=\u00bbvc_hidden-xs\u00bb][vc_column_text]<\/p>\n<ul>\n<li>115 M2 propios.<\/li>\n<li>Casa en 1 sola planta con desnivel de 3 escalones en acceso a zona cuartos.<\/li>\n<li>Amplio hall frio muy \u00fatil para la temporada de invierno.<\/li>\n<li>Living con sill\u00f3n frente al hogar a le\u00f1a.<\/li>\n<li>Comedor con amplia mesa.<\/li>\n<li>Cocina completa.<\/li>\n<li>Lavadero completo.<\/li>\n<li>Dormitorio principal en suite con ba\u00f1o completo.<\/li>\n<li>Dormitorio secundario.<\/li>\n<li>Ba\u00f1o completo.<\/li>\n<li>Deck con Parrilla.<\/li>\n<li>Cochera cubierta.<\/li>\n<\/ul>\n<p>[\/vc_column_text][\/vc_column][vc_column width=\u00bb1\/2&#8243; offset=\u00bbvc_hidden-xs\u00bb][vc_single_image image=\u00bb9530&#8243; img_size=\u00bbfull\u00bb][\/vc_column][\/vc_row][vc_row full_width=\u00bbdefault_no_spaces\u00bb css_animation=\u00bbfadeIn\u00bb css=\u00bb.vc_custom_1543285378108{padding-top: 35px !important;padding-bottom: 35px !important;background-color: #3b3e47 !important;}\u00bb text_color=\u00bb#ffffff\u00bb][vc_column width=\u00bb2\/3&#8243;]<div class=\"ult-animation  ult-animate-viewport  ult-no-mobile \" data-animate=\"fadeInLeft\" data-animation-delay=\"0.8\" data-animation-duration=\"1\" data-animation-iteration=\"1\" style=\"opacity:0;\" data-opacity_start_effect=\"\">[vc_custom_heading text=\u00bbReserv\u00e1 ahora tu estad\u00eda en Arbolar\u00bb font_container=\u00bbtag:h2|text_align:left|color:%23ffffff\u00bb google_fonts=\u00bbfont_family:Roboto%3A100%2C100italic%2C300%2C300italic%2Cregular%2Citalic%2C500%2C500italic%2C700%2C700italic%2C900%2C900italic|font_style:400%20regular%3A400%3Anormal\u00bb css=\u00bb.vc_custom_1543412737272{margin-bottom: 5px !important;}\u00bb][vc_custom_heading text=\u00bbViv\u00ed una experiencia \u00fanica, disfrutando del encanto de Villa La Angostura, sus monta\u00f1as, lagos y bosques.\u00bb font_container=\u00bbtag:p|font_size:14|text_align:left|color:%23ffffff\u00bb google_fonts=\u00bbfont_family:Roboto%3A100%2C100italic%2C300%2C300italic%2Cregular%2Citalic%2C500%2C500italic%2C700%2C700italic%2C900%2C900italic|font_style:300%20light%20regular%3A300%3Anormal\u00bb css=\u00bb.vc_custom_1557931321825{margin-bottom: 0px !important;}\u00bb]<\/div>[\/vc_column][vc_column width=\u00bb1\/3&#8243;]<div class=\"ult-animation  ult-animate-viewport  ult-no-mobile \" data-animate=\"bounceIn\" data-animation-delay=\"1.1\" data-animation-duration=\"1\" data-animation-iteration=\"1\" style=\"opacity:0;\" data-opacity_start_effect=\"\">[vc_btn title=\u00bbR E S E R V A R\u00bb style=\u00bbflat\u00bb shape=\u00bbsquare\u00bb color=\u00bbinverse\u00bb size=\u00bblg\u00bb css_animation=\u00bbfadeInRight\u00bb link=\u00bburl:%2Fweb%2Freservas%2F|title:Reservas||\u00bb]<\/div>[\/vc_column][\/vc_row]<\/p>\n","protected":false},"excerpt":{"rendered":"<p>[vc_row][vc_column][vc_custom_heading text=\u00bbCasa 2&#8243; font_container=\u00bbtag:h2|font_size:35|text_align:center\u00bb google_fonts=\u00bbfont_family:Roboto%3A100%2C100italic%2C300%2C300italic%2Cregular%2Citalic%2C500%2C500italic%2C700%2C700italic%2C900%2C900italic|font_style:100%20light%20regular%3A100%3Anormal\u00bb][vc_separator][\/vc_column][\/vc_row][vc_row][vc_column][vc_separator][\/vc_column][\/vc_row][vc_row][vc_column offset=\u00bbvc_hidden-lg\u00bb][vc_tta_tabs][vc_tta_section title=\u00bbComodidades\u00bb tab_id=\u00bb1547606414737-92a3642e-df20&#8243;][vc_column_text] 115 M2 propios. Casa en 1 sola planta con desnivel de 3 escalones en acceso a zona cuartos. Amplio hall frio muy \u00fatil para la temporada de invierno. Living con sill\u00f3n frente al hogar a le\u00f1a. Comedor con amplia mesa. Cocina completa. Lavadero completo. Dormitorio principal en [&hellip;]<\/p>\n","protected":false},"author":3,"featured_media":0,"parent":0,"menu_order":0,"comment_status":"closed","ping_status":"closed","template":"","meta":{"footnotes":""},"class_list":["post-9202","page","type-page","status-publish","hentry"],"yoast_head":"<!-- This site is optimized with the Yoast SEO plugin v25.5 - https:\/\/yoast.com\/wordpress\/plugins\/seo\/ -->\n<title>Arbolar - Alquiler de Casas de Monta\u00f1a - arbolarweb.com.ar<\/title>\n<meta name=\"description\" content=\"Villa La Angostura, Alquiler, Alojamiento, Caba\u00f1as, Casas, Departamentos, Alquiler Temporario, Apart hotel, Las Balsas, Cerro Bayo\" \/>\n<meta name=\"robots\" content=\"index, follow, max-snippet:-1, max-image-preview:large, max-video-preview:-1\" \/>\n<link rel=\"canonical\" href=\"https:\/\/arbolarweb.com.ar\/web\/casa-de-montana-2\/\" \/>\n<meta property=\"og:locale\" content=\"es_ES\" \/>\n<meta property=\"og:type\" content=\"article\" \/>\n<meta property=\"og:title\" content=\"Arbolar - Alquiler de Casas de Monta\u00f1a - arbolarweb.com.ar\" \/>\n<meta property=\"og:description\" content=\"Villa La Angostura, Alquiler, Alojamiento, Caba\u00f1as, Casas, Departamentos, Alquiler Temporario, Apart hotel, Las Balsas, Cerro Bayo\" \/>\n<meta property=\"og:url\" content=\"https:\/\/arbolarweb.com.ar\/web\/casa-de-montana-2\/\" \/>\n<meta property=\"og:site_name\" content=\"Arbolar Casas de Monta\u00f1a Villa La Angostura Patagonia Argentina\" \/>\n<meta property=\"article:publisher\" content=\"https:\/\/www.facebook.com\/arbolarcasas\/\" \/>\n<meta property=\"article:modified_time\" content=\"2025-12-16T12:18:48+00:00\" \/>\n<meta name=\"twitter:card\" content=\"summary_large_image\" \/>\n<meta name=\"twitter:label1\" content=\"Tiempo de lectura\" \/>\n\t<meta name=\"twitter:data1\" content=\"3 minutos\" \/>\n<script type=\"application\/ld+json\" class=\"yoast-schema-graph\">{\"@context\":\"https:\/\/schema.org\",\"@graph\":[{\"@type\":\"WebPage\",\"@id\":\"https:\/\/arbolarweb.com.ar\/web\/casa-de-montana-2\/\",\"url\":\"https:\/\/arbolarweb.com.ar\/web\/casa-de-montana-2\/\",\"name\":\"Arbolar - Alquiler de Casas de Monta\u00f1a - arbolarweb.com.ar\",\"isPartOf\":{\"@id\":\"https:\/\/arbolarweb.com.ar\/web\/#website\"},\"datePublished\":\"2018-11-27T02:09:52+00:00\",\"dateModified\":\"2025-12-16T12:18:48+00:00\",\"description\":\"Villa La Angostura, Alquiler, Alojamiento, Caba\u00f1as, Casas, Departamentos, Alquiler Temporario, Apart hotel, Las Balsas, Cerro Bayo\",\"breadcrumb\":{\"@id\":\"https:\/\/arbolarweb.com.ar\/web\/casa-de-montana-2\/#breadcrumb\"},\"inLanguage\":\"es\",\"potentialAction\":[{\"@type\":\"ReadAction\",\"target\":[\"https:\/\/arbolarweb.com.ar\/web\/casa-de-montana-2\/\"]}]},{\"@type\":\"BreadcrumbList\",\"@id\":\"https:\/\/arbolarweb.com.ar\/web\/casa-de-montana-2\/#breadcrumb\",\"itemListElement\":[{\"@type\":\"ListItem\",\"position\":1,\"name\":\"Portada\",\"item\":\"https:\/\/arbolarweb.com.ar\/web\/\"},{\"@type\":\"ListItem\",\"position\":2,\"name\":\"Casa 2\"}]},{\"@type\":\"WebSite\",\"@id\":\"https:\/\/arbolarweb.com.ar\/web\/#website\",\"url\":\"https:\/\/arbolarweb.com.ar\/web\/\",\"name\":\"Arbolar Casas de Monta\u00f1a Villa La Angostura Patagonia Argentina\",\"description\":\"Hospedaje en Villa La Angostura\",\"potentialAction\":[{\"@type\":\"SearchAction\",\"target\":{\"@type\":\"EntryPoint\",\"urlTemplate\":\"https:\/\/arbolarweb.com.ar\/web\/?s={search_term_string}\"},\"query-input\":{\"@type\":\"PropertyValueSpecification\",\"valueRequired\":true,\"valueName\":\"search_term_string\"}}],\"inLanguage\":\"es\"}]}<\/script>\n<!-- \/ Yoast SEO plugin. -->","yoast_head_json":{"title":"Arbolar - Alquiler de Casas de Monta\u00f1a - arbolarweb.com.ar","description":"Villa La Angostura, Alquiler, Alojamiento, Caba\u00f1as, Casas, Departamentos, Alquiler Temporario, Apart hotel, Las Balsas, Cerro Bayo","robots":{"index":"index","follow":"follow","max-snippet":"max-snippet:-1","max-image-preview":"max-image-preview:large","max-video-preview":"max-video-preview:-1"},"canonical":"https:\/\/arbolarweb.com.ar\/web\/casa-de-montana-2\/","og_locale":"es_ES","og_type":"article","og_title":"Arbolar - Alquiler de Casas de Monta\u00f1a - arbolarweb.com.ar","og_description":"Villa La Angostura, Alquiler, Alojamiento, Caba\u00f1as, Casas, Departamentos, Alquiler Temporario, Apart hotel, Las Balsas, Cerro Bayo","og_url":"https:\/\/arbolarweb.com.ar\/web\/casa-de-montana-2\/","og_site_name":"Arbolar Casas de Monta\u00f1a Villa La Angostura Patagonia Argentina","article_publisher":"https:\/\/www.facebook.com\/arbolarcasas\/","article_modified_time":"2025-12-16T12:18:48+00:00","twitter_card":"summary_large_image","twitter_misc":{"Tiempo de lectura":"3 minutos"},"schema":{"@context":"https:\/\/schema.org","@graph":[{"@type":"WebPage","@id":"https:\/\/arbolarweb.com.ar\/web\/casa-de-montana-2\/","url":"https:\/\/arbolarweb.com.ar\/web\/casa-de-montana-2\/","name":"Arbolar - Alquiler de Casas de Monta\u00f1a - arbolarweb.com.ar","isPartOf":{"@id":"https:\/\/arbolarweb.com.ar\/web\/#website"},"datePublished":"2018-11-27T02:09:52+00:00","dateModified":"2025-12-16T12:18:48+00:00","description":"Villa La Angostura, Alquiler, Alojamiento, Caba\u00f1as, Casas, Departamentos, Alquiler Temporario, Apart hotel, Las Balsas, Cerro Bayo","breadcrumb":{"@id":"https:\/\/arbolarweb.com.ar\/web\/casa-de-montana-2\/#breadcrumb"},"inLanguage":"es","potentialAction":[{"@type":"ReadAction","target":["https:\/\/arbolarweb.com.ar\/web\/casa-de-montana-2\/"]}]},{"@type":"BreadcrumbList","@id":"https:\/\/arbolarweb.com.ar\/web\/casa-de-montana-2\/#breadcrumb","itemListElement":[{"@type":"ListItem","position":1,"name":"Portada","item":"https:\/\/arbolarweb.com.ar\/web\/"},{"@type":"ListItem","position":2,"name":"Casa 2"}]},{"@type":"WebSite","@id":"https:\/\/arbolarweb.com.ar\/web\/#website","url":"https:\/\/arbolarweb.com.ar\/web\/","name":"Arbolar Casas de Monta\u00f1a Villa La Angostura Patagonia Argentina","description":"Hospedaje en Villa La Angostura","potentialAction":[{"@type":"SearchAction","target":{"@type":"EntryPoint","urlTemplate":"https:\/\/arbolarweb.com.ar\/web\/?s={search_term_string}"},"query-input":{"@type":"PropertyValueSpecification","valueRequired":true,"valueName":"search_term_string"}}],"inLanguage":"es"}]}},"_links":{"self":[{"href":"https:\/\/arbolarweb.com.ar\/web\/wp-json\/wp\/v2\/pages\/9202","targetHints":{"allow":["GET"]}}],"collection":[{"href":"https:\/\/arbolarweb.com.ar\/web\/wp-json\/wp\/v2\/pages"}],"about":[{"href":"https:\/\/arbolarweb.com.ar\/web\/wp-json\/wp\/v2\/types\/page"}],"author":[{"embeddable":true,"href":"https:\/\/arbolarweb.com.ar\/web\/wp-json\/wp\/v2\/users\/3"}],"replies":[{"embeddable":true,"href":"https:\/\/arbolarweb.com.ar\/web\/wp-json\/wp\/v2\/comments?post=9202"}],"version-history":[{"count":33,"href":"https:\/\/arbolarweb.com.ar\/web\/wp-json\/wp\/v2\/pages\/9202\/revisions"}],"predecessor-version":[{"id":15084,"href":"https:\/\/arbolarweb.com.ar\/web\/wp-json\/wp\/v2\/pages\/9202\/revisions\/15084"}],"wp:attachment":[{"href":"https:\/\/arbolarweb.com.ar\/web\/wp-json\/wp\/v2\/media?parent=9202"}],"curies":[{"name":"wp","href":"https:\/\/api.w.org\/{rel}","templated":true}]}}